{"id":417,"date":"2025-08-21T14:05:15","date_gmt":"2025-08-21T14:05:15","guid":{"rendered":"https:\/\/attraktivaljungby.hemsida.eu\/?page_id=417"},"modified":"2025-10-24T09:21:38","modified_gmt":"2025-10-24T09:21:38","slug":"foretag-tunga-fordon","status":"publish","type":"page","link":"https:\/\/attraktivaljungby.hemsida.eu\/?page_id=417","title":{"rendered":"F\u00f6retag Tunga Fordon"},"content":{"rendered":"\t\t<div data-elementor-type=\"wp-page\" data-elementor-id=\"417\" class=\"elementor elementor-417\" data-elementor-post-type=\"page\">\n\t\t\t\t<div class=\"elementor-element elementor-element-c9126fc e-flex e-con-boxed e-con e-parent\" data-id=\"c9126fc\" data-element_type=\"container\">\n\t\t\t\t\t<div class=\"e-con-inner\">\n\t\t\t\t<div class=\"elementor-element elementor-element-fbfdec0 elementor-widget elementor-widget-heading\" data-id=\"fbfdec0\" data-element_type=\"widget\" data-widget_type=\"heading.default\">\n\t\t\t\t\t<h2 class=\"elementor-heading-title elementor-size-default\">Navigera dig vidare<\/h2>\t\t\t\t<\/div>\n\t\t\t\t\t<\/div>\n\t\t\t\t<\/div>\n\t\t<div class=\"elementor-element elementor-element-eba572d e-flex e-con-boxed e-con e-parent\" data-id=\"eba572d\" data-element_type=\"container\">\n\t\t\t\t\t<div class=\"e-con-inner\">\n\t\t<div class=\"elementor-element elementor-element-0c42958 e-con-full e-flex e-con e-child\" data-id=\"0c42958\" data-element_type=\"container\">\n\t\t<div class=\"elementor-element elementor-element-a830fbd e-con-full e-flex e-con e-child\" data-id=\"a830fbd\" data-element_type=\"container\">\n\t\t\t\t<div class=\"elementor-element elementor-element-f97e532 elementor-widget elementor-widget-image\" data-id=\"f97e532\" data-element_type=\"widget\" data-widget_type=\"image.default\">\n\t\t\t\t\t\t\t\t\t\t\t\t\t\t\t<img fetchpriority=\"high\" decoding=\"async\" width=\"800\" height=\"211\" src=\"https:\/\/attraktivaljungby.hemsida.eu\/wp-content\/uploads\/2025\/08\/Skarmavbild-2025-08-21-kl.-16.10.13-e1756112795452.png\" class=\"attachment-large size-large wp-image-423\" alt=\"\" srcset=\"https:\/\/attraktivaljungby.hemsida.eu\/wp-content\/uploads\/2025\/08\/Skarmavbild-2025-08-21-kl.-16.10.13-e1756112795452.png 948w, https:\/\/attraktivaljungby.hemsida.eu\/wp-content\/uploads\/2025\/08\/Skarmavbild-2025-08-21-kl.-16.10.13-e1756112795452-300x79.png 300w, https:\/\/attraktivaljungby.hemsida.eu\/wp-content\/uploads\/2025\/08\/Skarmavbild-2025-08-21-kl.-16.10.13-e1756112795452-768x203.png 768w\" sizes=\"(max-width: 800px) 100vw, 800px\" \/>\t\t\t\t\t\t\t\t\t\t\t\t\t\t\t<\/div>\n\t\t\t\t<\/div>\n\t\t<div class=\"elementor-element elementor-element-1dc91c1 e-con-full e-flex e-con e-child\" data-id=\"1dc91c1\" data-element_type=\"container\" data-settings=\"{&quot;background_background&quot;:&quot;classic&quot;}\">\n\t\t\t\t<div class=\"elementor-element elementor-element-4e920bd elementor-icon-list--layout-traditional elementor-list-item-link-full_width elementor-widget elementor-widget-icon-list\" data-id=\"4e920bd\" data-element_type=\"widget\" data-widget_type=\"icon-list.default\">\n\t\t\t\t\t\t\t<ul class=\"elementor-icon-list-items\">\n\t\t\t\t\t\t\t<li class=\"elementor-icon-list-item\">\n\t\t\t\t\t\t\t\t\t\t\t<a href=\"https:\/\/www.kalmarglobal.com\">\n\n\t\t\t\t\t\t\t\t\t\t\t\t<span class=\"elementor-icon-list-icon\">\n\t\t\t\t\t\t\t<i aria-hidden=\"true\" class=\"icon icon-arrow-right\"><\/i>\t\t\t\t\t\t<\/span>\n\t\t\t\t\t\t\t\t\t\t<span class=\"elementor-icon-list-text\">L\u00e4s mer<\/span>\n\t\t\t\t\t\t\t\t\t\t\t<\/a>\n\t\t\t\t\t\t\t\t\t<\/li>\n\t\t\t\t\t\t<\/ul>\n\t\t\t\t\t\t<\/div>\n\t\t\t\t<\/div>\n\t\t\t\t<\/div>\n\t\t<div class=\"elementor-element elementor-element-5c912b6 e-con-full e-flex e-con e-child\" data-id=\"5c912b6\" data-element_type=\"container\">\n\t\t<div class=\"elementor-element elementor-element-2521d13 e-con-full e-flex e-con e-child\" data-id=\"2521d13\" data-element_type=\"container\">\n\t\t\t\t<div class=\"elementor-element elementor-element-ed3bf91 elementor-widget elementor-widget-image\" data-id=\"ed3bf91\" data-element_type=\"widget\" data-widget_type=\"image.default\">\n\t\t\t\t\t\t\t\t\t\t\t\t\t\t\t<img decoding=\"async\" width=\"468\" height=\"188\" src=\"https:\/\/attraktivaljungby.hemsida.eu\/wp-content\/uploads\/2025\/08\/Skarmavbild-2025-08-21-kl.-16.13.31-e1756112825657.png\" class=\"attachment-large size-large wp-image-425\" alt=\"\" srcset=\"https:\/\/attraktivaljungby.hemsida.eu\/wp-content\/uploads\/2025\/08\/Skarmavbild-2025-08-21-kl.-16.13.31-e1756112825657.png 468w, https:\/\/attraktivaljungby.hemsida.eu\/wp-content\/uploads\/2025\/08\/Skarmavbild-2025-08-21-kl.-16.13.31-e1756112825657-300x121.png 300w\" sizes=\"(max-width: 468px) 100vw, 468px\" \/>\t\t\t\t\t\t\t\t\t\t\t\t\t\t\t<\/div>\n\t\t\t\t<\/div>\n\t\t<div class=\"elementor-element elementor-element-c71732b e-con-full e-flex e-con e-child\" data-id=\"c71732b\" data-element_type=\"container\" data-settings=\"{&quot;background_background&quot;:&quot;classic&quot;}\">\n\t\t\t\t<div class=\"elementor-element elementor-element-c79581f elementor-icon-list--layout-traditional elementor-list-item-link-full_width elementor-widget elementor-widget-icon-list\" data-id=\"c79581f\" data-element_type=\"widget\" data-widget_type=\"icon-list.default\">\n\t\t\t\t\t\t\t<ul class=\"elementor-icon-list-items\">\n\t\t\t\t\t\t\t<li class=\"elementor-icon-list-item\">\n\t\t\t\t\t\t\t\t\t\t\t<a href=\"https:\/\/ljungbymaskin.se\">\n\n\t\t\t\t\t\t\t\t\t\t\t\t<span class=\"elementor-icon-list-icon\">\n\t\t\t\t\t\t\t<i aria-hidden=\"true\" class=\"icon icon-arrow-right\"><\/i>\t\t\t\t\t\t<\/span>\n\t\t\t\t\t\t\t\t\t\t<span class=\"elementor-icon-list-text\">L\u00e4s mer<\/span>\n\t\t\t\t\t\t\t\t\t\t\t<\/a>\n\t\t\t\t\t\t\t\t\t<\/li>\n\t\t\t\t\t\t<\/ul>\n\t\t\t\t\t\t<\/div>\n\t\t\t\t<\/div>\n\t\t\t\t<\/div>\n\t\t<div class=\"elementor-element elementor-element-4930901 e-con-full e-flex e-con e-child\" data-id=\"4930901\" data-element_type=\"container\">\n\t\t<div class=\"elementor-element elementor-element-ce4a367 e-con-full e-flex e-con e-child\" data-id=\"ce4a367\" data-element_type=\"container\">\n\t\t\t\t<\/div>\n\t\t<div class=\"elementor-element elementor-element-230d821 e-con-full e-flex e-con e-child\" data-id=\"230d821\" data-element_type=\"container\" data-settings=\"{&quot;background_background&quot;:&quot;classic&quot;}\">\n\t\t\t\t<\/div>\n\t\t\t\t<\/div>\n\t\t\t\t\t<\/div>\n\t\t\t\t<\/div>\n\t\t\t\t<\/div>\n\t\t","protected":false},"excerpt":{"rendered":"<p>Navigera dig vidare L\u00e4s mer L\u00e4s mer<\/p>\n","protected":false},"author":1,"featured_media":0,"parent":0,"menu_order":0,"comment_status":"closed","ping_status":"closed","template":"","meta":{"footnotes":""},"class_list":["post-417","page","type-page","status-publish","hentry"],"yoast_head":"<!-- This site is optimized with the Yoast SEO plugin v26.2 - https:\/\/yoast.com\/wordpress\/plugins\/seo\/ -->\n<title>F\u00f6retag Tunga Fordon - Attraktiva Ljungby<\/title>\n<meta name=\"robots\" content=\"noindex, follow, max-snippet:-1, max-image-preview:large, max-video-preview:-1\" \/>\n<meta property=\"og:locale\" content=\"sv_SE\" \/>\n<meta property=\"og:type\" content=\"article\" \/>\n<meta property=\"og:title\" content=\"F\u00f6retag Tunga Fordon - Attraktiva Ljungby\" \/>\n<meta property=\"og:description\" content=\"Navigera dig vidare L\u00e4s mer L\u00e4s mer\" \/>\n<meta property=\"og:url\" content=\"https:\/\/attraktivaljungby.hemsida.eu\/?page_id=417\" \/>\n<meta property=\"og:site_name\" content=\"Attraktiva Ljungby\" \/>\n<meta property=\"article:modified_time\" content=\"2025-10-24T09:21:38+00:00\" \/>\n<meta property=\"og:image\" content=\"https:\/\/attraktivaljungby.hemsida.eu\/wp-content\/uploads\/2025\/08\/Skarmavbild-2025-08-21-kl.-16.10.13-e1756112795452.png\" \/>\n\t<meta property=\"og:image:width\" content=\"948\" \/>\n\t<meta property=\"og:image:height\" content=\"250\" \/>\n\t<meta property=\"og:image:type\" content=\"image\/png\" \/>\n<meta name=\"twitter:card\" content=\"summary_large_image\" \/>\n<meta name=\"twitter:label1\" content=\"Ber\u00e4knad l\u00e4stid\" \/>\n\t<meta name=\"twitter:data1\" content=\"1 minut\" \/>\n<script type=\"application\/ld+json\" class=\"yoast-schema-graph\">{\"@context\":\"https:\/\/schema.org\",\"@graph\":[{\"@type\":\"WebPage\",\"@id\":\"https:\/\/attraktivaljungby.hemsida.eu\/?page_id=417\",\"url\":\"https:\/\/attraktivaljungby.hemsida.eu\/?page_id=417\",\"name\":\"F\u00f6retag Tunga Fordon - Attraktiva Ljungby\",\"isPartOf\":{\"@id\":\"https:\/\/attraktivaljungby.hemsida.eu\/#website\"},\"primaryImageOfPage\":{\"@id\":\"https:\/\/attraktivaljungby.hemsida.eu\/?page_id=417#primaryimage\"},\"image\":{\"@id\":\"https:\/\/attraktivaljungby.hemsida.eu\/?page_id=417#primaryimage\"},\"thumbnailUrl\":\"https:\/\/attraktivaljungby.hemsida.eu\/wp-content\/uploads\/2025\/08\/Skarmavbild-2025-08-21-kl.-16.10.13-e1756112795452.png\",\"datePublished\":\"2025-08-21T14:05:15+00:00\",\"dateModified\":\"2025-10-24T09:21:38+00:00\",\"breadcrumb\":{\"@id\":\"https:\/\/attraktivaljungby.hemsida.eu\/?page_id=417#breadcrumb\"},\"inLanguage\":\"sv-SE\",\"potentialAction\":[{\"@type\":\"ReadAction\",\"target\":[\"https:\/\/attraktivaljungby.hemsida.eu\/?page_id=417\"]}]},{\"@type\":\"ImageObject\",\"inLanguage\":\"sv-SE\",\"@id\":\"https:\/\/attraktivaljungby.hemsida.eu\/?page_id=417#primaryimage\",\"url\":\"https:\/\/attraktivaljungby.hemsida.eu\/wp-content\/uploads\/2025\/08\/Skarmavbild-2025-08-21-kl.-16.10.13-e1756112795452.png\",\"contentUrl\":\"https:\/\/attraktivaljungby.hemsida.eu\/wp-content\/uploads\/2025\/08\/Skarmavbild-2025-08-21-kl.-16.10.13-e1756112795452.png\",\"width\":948,\"height\":250},{\"@type\":\"BreadcrumbList\",\"@id\":\"https:\/\/attraktivaljungby.hemsida.eu\/?page_id=417#breadcrumb\",\"itemListElement\":[{\"@type\":\"ListItem\",\"position\":1,\"name\":\"Hem\",\"item\":\"https:\/\/attraktivaljungby.hemsida.eu\/\"},{\"@type\":\"ListItem\",\"position\":2,\"name\":\"F\u00f6retag Tunga Fordon\"}]},{\"@type\":\"WebSite\",\"@id\":\"https:\/\/attraktivaljungby.hemsida.eu\/#website\",\"url\":\"https:\/\/attraktivaljungby.hemsida.eu\/\",\"name\":\"Attraktiva Ljungby\",\"description\":\"\",\"publisher\":{\"@id\":\"https:\/\/attraktivaljungby.hemsida.eu\/#organization\"},\"potentialAction\":[{\"@type\":\"SearchAction\",\"target\":{\"@type\":\"EntryPoint\",\"urlTemplate\":\"https:\/\/attraktivaljungby.hemsida.eu\/?s={search_term_string}\"},\"query-input\":{\"@type\":\"PropertyValueSpecification\",\"valueRequired\":true,\"valueName\":\"search_term_string\"}}],\"inLanguage\":\"sv-SE\"},{\"@type\":\"Organization\",\"@id\":\"https:\/\/attraktivaljungby.hemsida.eu\/#organization\",\"name\":\"Attraktiva Ljungby\",\"url\":\"https:\/\/attraktivaljungby.hemsida.eu\/\",\"logo\":{\"@type\":\"ImageObject\",\"inLanguage\":\"sv-SE\",\"@id\":\"https:\/\/attraktivaljungby.hemsida.eu\/#\/schema\/logo\/image\/\",\"url\":\"https:\/\/attraktivaljungby.hemsida.eu\/wp-content\/uploads\/2025\/08\/LjungbyPVM-LogoPayoff-RGB-Svart.png\",\"contentUrl\":\"https:\/\/attraktivaljungby.hemsida.eu\/wp-content\/uploads\/2025\/08\/LjungbyPVM-LogoPayoff-RGB-Svart.png\",\"width\":452,\"height\":281,\"caption\":\"Attraktiva Ljungby\"},\"image\":{\"@id\":\"https:\/\/attraktivaljungby.hemsida.eu\/#\/schema\/logo\/image\/\"}}]}<\/script>\n<!-- \/ Yoast SEO plugin. -->","yoast_head_json":{"title":"F\u00f6retag Tunga Fordon - Attraktiva Ljungby","robots":{"index":"noindex","follow":"follow","max-snippet":"max-snippet:-1","max-image-preview":"max-image-preview:large","max-video-preview":"max-video-preview:-1"},"og_locale":"sv_SE","og_type":"article","og_title":"F\u00f6retag Tunga Fordon - Attraktiva Ljungby","og_description":"Navigera dig vidare L\u00e4s mer L\u00e4s mer","og_url":"https:\/\/attraktivaljungby.hemsida.eu\/?page_id=417","og_site_name":"Attraktiva Ljungby","article_modified_time":"2025-10-24T09:21:38+00:00","og_image":[{"width":948,"height":250,"url":"https:\/\/attraktivaljungby.hemsida.eu\/wp-content\/uploads\/2025\/08\/Skarmavbild-2025-08-21-kl.-16.10.13-e1756112795452.png","type":"image\/png"}],"twitter_card":"summary_large_image","twitter_misc":{"Ber\u00e4knad l\u00e4stid":"1 minut"},"schema":{"@context":"https:\/\/schema.org","@graph":[{"@type":"WebPage","@id":"https:\/\/attraktivaljungby.hemsida.eu\/?page_id=417","url":"https:\/\/attraktivaljungby.hemsida.eu\/?page_id=417","name":"F\u00f6retag Tunga Fordon - Attraktiva Ljungby","isPartOf":{"@id":"https:\/\/attraktivaljungby.hemsida.eu\/#website"},"primaryImageOfPage":{"@id":"https:\/\/attraktivaljungby.hemsida.eu\/?page_id=417#primaryimage"},"image":{"@id":"https:\/\/attraktivaljungby.hemsida.eu\/?page_id=417#primaryimage"},"thumbnailUrl":"https:\/\/attraktivaljungby.hemsida.eu\/wp-content\/uploads\/2025\/08\/Skarmavbild-2025-08-21-kl.-16.10.13-e1756112795452.png","datePublished":"2025-08-21T14:05:15+00:00","dateModified":"2025-10-24T09:21:38+00:00","breadcrumb":{"@id":"https:\/\/attraktivaljungby.hemsida.eu\/?page_id=417#breadcrumb"},"inLanguage":"sv-SE","potentialAction":[{"@type":"ReadAction","target":["https:\/\/attraktivaljungby.hemsida.eu\/?page_id=417"]}]},{"@type":"ImageObject","inLanguage":"sv-SE","@id":"https:\/\/attraktivaljungby.hemsida.eu\/?page_id=417#primaryimage","url":"https:\/\/attraktivaljungby.hemsida.eu\/wp-content\/uploads\/2025\/08\/Skarmavbild-2025-08-21-kl.-16.10.13-e1756112795452.png","contentUrl":"https:\/\/attraktivaljungby.hemsida.eu\/wp-content\/uploads\/2025\/08\/Skarmavbild-2025-08-21-kl.-16.10.13-e1756112795452.png","width":948,"height":250},{"@type":"BreadcrumbList","@id":"https:\/\/attraktivaljungby.hemsida.eu\/?page_id=417#breadcrumb","itemListElement":[{"@type":"ListItem","position":1,"name":"Hem","item":"https:\/\/attraktivaljungby.hemsida.eu\/"},{"@type":"ListItem","position":2,"name":"F\u00f6retag Tunga Fordon"}]},{"@type":"WebSite","@id":"https:\/\/attraktivaljungby.hemsida.eu\/#website","url":"https:\/\/attraktivaljungby.hemsida.eu\/","name":"Attraktiva Ljungby","description":"","publisher":{"@id":"https:\/\/attraktivaljungby.hemsida.eu\/#organization"},"potentialAction":[{"@type":"SearchAction","target":{"@type":"EntryPoint","urlTemplate":"https:\/\/attraktivaljungby.hemsida.eu\/?s={search_term_string}"},"query-input":{"@type":"PropertyValueSpecification","valueRequired":true,"valueName":"search_term_string"}}],"inLanguage":"sv-SE"},{"@type":"Organization","@id":"https:\/\/attraktivaljungby.hemsida.eu\/#organization","name":"Attraktiva Ljungby","url":"https:\/\/attraktivaljungby.hemsida.eu\/","logo":{"@type":"ImageObject","inLanguage":"sv-SE","@id":"https:\/\/attraktivaljungby.hemsida.eu\/#\/schema\/logo\/image\/","url":"https:\/\/attraktivaljungby.hemsida.eu\/wp-content\/uploads\/2025\/08\/LjungbyPVM-LogoPayoff-RGB-Svart.png","contentUrl":"https:\/\/attraktivaljungby.hemsida.eu\/wp-content\/uploads\/2025\/08\/LjungbyPVM-LogoPayoff-RGB-Svart.png","width":452,"height":281,"caption":"Attraktiva Ljungby"},"image":{"@id":"https:\/\/attraktivaljungby.hemsida.eu\/#\/schema\/logo\/image\/"}}]}},"_links":{"self":[{"href":"https:\/\/attraktivaljungby.hemsida.eu\/index.php?rest_route=\/wp\/v2\/pages\/417","targetHints":{"allow":["GET"]}}],"collection":[{"href":"https:\/\/attraktivaljungby.hemsida.eu\/index.php?rest_route=\/wp\/v2\/pages"}],"about":[{"href":"https:\/\/attraktivaljungby.hemsida.eu\/index.php?rest_route=\/wp\/v2\/types\/page"}],"author":[{"embeddable":true,"href":"https:\/\/attraktivaljungby.hemsida.eu\/index.php?rest_route=\/wp\/v2\/users\/1"}],"replies":[{"embeddable":true,"href":"https:\/\/attraktivaljungby.hemsida.eu\/index.php?rest_route=%2Fwp%2Fv2%2Fcomments&post=417"}],"version-history":[{"count":94,"href":"https:\/\/attraktivaljungby.hemsida.eu\/index.php?rest_route=\/wp\/v2\/pages\/417\/revisions"}],"predecessor-version":[{"id":643,"href":"https:\/\/attraktivaljungby.hemsida.eu\/index.php?rest_route=\/wp\/v2\/pages\/417\/revisions\/643"}],"wp:attachment":[{"href":"https:\/\/attraktivaljungby.hemsida.eu\/index.php?rest_route=%2Fwp%2Fv2%2Fmedia&parent=417"}],"curies":[{"name":"wp","href":"https:\/\/api.w.org\/{rel}","templated":true}]}}