{"id":367,"date":"2025-08-21T13:43:51","date_gmt":"2025-08-21T13:43:51","guid":{"rendered":"https:\/\/attraktivaljungby.hemsida.eu\/?page_id=367"},"modified":"2025-10-27T15:31:51","modified_gmt":"2025-10-27T15:31:51","slug":"studera","status":"publish","type":"page","link":"https:\/\/attraktivaljungby.hemsida.eu\/?page_id=367","title":{"rendered":"Studera"},"content":{"rendered":"\t\t<div data-elementor-type=\"wp-page\" data-elementor-id=\"367\" class=\"elementor elementor-367\" data-elementor-post-type=\"page\">\n\t\t\t\t<div class=\"elementor-element elementor-element-36750b7 e-flex e-con-boxed e-con e-parent\" data-id=\"36750b7\" data-element_type=\"container\" data-settings=\"{&quot;background_background&quot;:&quot;classic&quot;}\">\n\t\t\t\t\t<div class=\"e-con-inner\">\n\t\t\t\t<div class=\"elementor-element elementor-element-9d1b5ce elementor-widget elementor-widget-heading\" data-id=\"9d1b5ce\" data-element_type=\"widget\" data-widget_type=\"heading.default\">\n\t\t\t\t\t<h2 class=\"elementor-heading-title elementor-size-default\">Studera<\/h2>\t\t\t\t<\/div>\n\t\t\t\t\t<\/div>\n\t\t\t\t<\/div>\n\t\t<div class=\"elementor-element elementor-element-2442651 e-flex e-con-boxed e-con e-parent\" data-id=\"2442651\" data-element_type=\"container\">\n\t\t\t\t\t<div class=\"e-con-inner\">\n\t\t<div class=\"elementor-element elementor-element-6b971b0 e-con-full e-flex e-con e-child\" data-id=\"6b971b0\" data-element_type=\"container\" data-settings=\"{&quot;background_background&quot;:&quot;classic&quot;}\">\n\t\t\t\t<\/div>\n\t\t<div class=\"elementor-element elementor-element-7a49807 e-con-full e-flex e-con e-child\" data-id=\"7a49807\" data-element_type=\"container\">\n\t\t\t\t<div class=\"elementor-element elementor-element-b49599f elementor-widget elementor-widget-heading\" data-id=\"b49599f\" data-element_type=\"widget\" data-widget_type=\"heading.default\">\n\t\t\t\t\t<h2 class=\"elementor-heading-title elementor-size-default\">Utbildningar som leder till arbete<\/h2>\t\t\t\t<\/div>\n\t\t\t\t<div class=\"elementor-element elementor-element-f752f1b elementor-widget elementor-widget-text-editor\" data-id=\"f752f1b\" data-element_type=\"widget\" data-widget_type=\"text-editor.default\">\n\t\t\t\t\t\t\t\t\t<p>Ljungby erbjuder yrkesh\u00f6gskoleutbildningar p\u00e5 eftergymnasial niv\u00e5 med inriktning mot industri, teknik och it. Utbildningarna \u00e4r framtagna i n\u00e4ra samarbete med arbetslivet f\u00f6r att matcha det lokala och regionala behovet av kompetens.<\/p><p>I Ljungby finns bland annat utbildningar inom omr\u00e5den som produktion, automation och tekniskt underh\u00e5ll. Utbildningarna kombinerar teoretiska studier med praktik (LIA \u2013 L\u00e4rande i Arbete), vilket ger studerande m\u00f6jlighet att knyta v\u00e4rdefulla kontakter i arbetslivet och f\u00e5 erfarenhet redan under studietiden.<\/p><p>En del av utbildningarna sker i samarbete med universitet och h\u00f6gskolor p\u00e5 andra orter.<\/p><p>Utbildningarna \u00e4r avgiftsfria och studiemedelsber\u00e4ttigade via CSN. Antagning sker utifr\u00e5n beh\u00f6righetskrav och i vissa fall genom s\u00e4rskilda tester eller arbetsprover.<\/p>\t\t\t\t\t\t\t\t<\/div>\n\t\t\t\t<div class=\"elementor-element elementor-element-a6edec5 elementor-icon-list--layout-traditional elementor-list-item-link-full_width elementor-widget elementor-widget-icon-list\" data-id=\"a6edec5\" data-element_type=\"widget\" data-widget_type=\"icon-list.default\">\n\t\t\t\t\t\t\t<ul class=\"elementor-icon-list-items\">\n\t\t\t\t\t\t\t<li class=\"elementor-icon-list-item\">\n\t\t\t\t\t\t\t\t\t\t\t<a href=\"https:\/\/www.campusljungby.se\">\n\n\t\t\t\t\t\t\t\t\t\t\t\t<span class=\"elementor-icon-list-icon\">\n\t\t\t\t\t\t\t<i aria-hidden=\"true\" class=\"icon icon-internet\"><\/i>\t\t\t\t\t\t<\/span>\n\t\t\t\t\t\t\t\t\t\t<span class=\"elementor-icon-list-text\">Campus Ljungby<\/span>\n\t\t\t\t\t\t\t\t\t\t\t<\/a>\n\t\t\t\t\t\t\t\t\t<\/li>\n\t\t\t\t\t\t\t\t<li class=\"elementor-icon-list-item\">\n\t\t\t\t\t\t\t\t\t\t\t<a href=\"https:\/\/www.resurscentrum.se\">\n\n\t\t\t\t\t\t\t\t\t\t\t\t<span class=\"elementor-icon-list-icon\">\n\t\t\t\t\t\t\t<i aria-hidden=\"true\" class=\"icon icon-internet\"><\/i>\t\t\t\t\t\t<\/span>\n\t\t\t\t\t\t\t\t\t\t<span class=\"elementor-icon-list-text\">IRC<\/span>\n\t\t\t\t\t\t\t\t\t\t\t<\/a>\n\t\t\t\t\t\t\t\t\t<\/li>\n\t\t\t\t\t\t\t\t<li class=\"elementor-icon-list-item\">\n\t\t\t\t\t\t\t\t\t\t\t<a href=\"https:\/\/www.servicetekniker.se\">\n\n\t\t\t\t\t\t\t\t\t\t\t\t<span class=\"elementor-icon-list-icon\">\n\t\t\t\t\t\t\t<i aria-hidden=\"true\" class=\"icon icon-internet\"><\/i>\t\t\t\t\t\t<\/span>\n\t\t\t\t\t\t\t\t\t\t<span class=\"elementor-icon-list-text\">Utvecklingscentrum f\u00f6r servicetekniker<\/span>\n\t\t\t\t\t\t\t\t\t\t\t<\/a>\n\t\t\t\t\t\t\t\t\t<\/li>\n\t\t\t\t\t\t<\/ul>\n\t\t\t\t\t\t<\/div>\n\t\t\t\t<\/div>\n\t\t\t\t\t<\/div>\n\t\t\t\t<\/div>\n\t\t\t\t<\/div>\n\t\t","protected":false},"excerpt":{"rendered":"<p>Studera Utbildningar som leder till arbete Ljungby erbjuder yrkesh\u00f6gskoleutbildningar p\u00e5 eftergymnasial niv\u00e5 med inriktning mot industri, teknik och it. Utbildningarna \u00e4r framtagna i n\u00e4ra samarbete med arbetslivet f\u00f6r att matcha det lokala och regionala behovet av kompetens. I Ljungby finns bland annat utbildningar inom omr\u00e5den som produktion, automation och tekniskt underh\u00e5ll. Utbildningarna kombinerar teoretiska studier [&hellip;]<\/p>\n","protected":false},"author":1,"featured_media":0,"parent":0,"menu_order":0,"comment_status":"closed","ping_status":"closed","template":"","meta":{"footnotes":""},"class_list":["post-367","page","type-page","status-publish","hentry"],"yoast_head":"<!-- This site is optimized with the Yoast SEO plugin v26.2 - https:\/\/yoast.com\/wordpress\/plugins\/seo\/ -->\n<title>Studera i Ljungby | Attraktiva Ljungby<\/title>\n<meta name=\"description\" content=\"Ljungby erbjuder yrkesh\u00f6gskoleutbildningar p\u00e5 eftergymnasial niv\u00e5 med inriktning mot industri, teknik och it.\" \/>\n<meta name=\"robots\" content=\"noindex, follow, max-snippet:-1, max-image-preview:large, max-video-preview:-1\" \/>\n<meta property=\"og:locale\" content=\"sv_SE\" \/>\n<meta property=\"og:type\" content=\"article\" \/>\n<meta property=\"og:title\" content=\"Studera i Ljungby | Attraktiva Ljungby\" \/>\n<meta property=\"og:description\" content=\"Ljungby erbjuder yrkesh\u00f6gskoleutbildningar p\u00e5 eftergymnasial niv\u00e5 med inriktning mot industri, teknik och it.\" \/>\n<meta property=\"og:url\" content=\"https:\/\/attraktivaljungby.hemsida.eu\/?page_id=367\" \/>\n<meta property=\"og:site_name\" content=\"Attraktiva Ljungby\" \/>\n<meta property=\"article:modified_time\" content=\"2025-10-27T15:31:51+00:00\" \/>\n<meta name=\"twitter:card\" content=\"summary_large_image\" \/>\n<meta name=\"twitter:label1\" content=\"Ber\u00e4knad l\u00e4stid\" \/>\n\t<meta name=\"twitter:data1\" content=\"1 minut\" \/>\n<script type=\"application\/ld+json\" class=\"yoast-schema-graph\">{\"@context\":\"https:\/\/schema.org\",\"@graph\":[{\"@type\":\"WebPage\",\"@id\":\"https:\/\/attraktivaljungby.hemsida.eu\/?page_id=367\",\"url\":\"https:\/\/attraktivaljungby.hemsida.eu\/?page_id=367\",\"name\":\"Studera i Ljungby | Attraktiva Ljungby\",\"isPartOf\":{\"@id\":\"https:\/\/attraktivaljungby.hemsida.eu\/#website\"},\"datePublished\":\"2025-08-21T13:43:51+00:00\",\"dateModified\":\"2025-10-27T15:31:51+00:00\",\"description\":\"Ljungby erbjuder yrkesh\u00f6gskoleutbildningar p\u00e5 eftergymnasial niv\u00e5 med inriktning mot industri, teknik och it.\",\"breadcrumb\":{\"@id\":\"https:\/\/attraktivaljungby.hemsida.eu\/?page_id=367#breadcrumb\"},\"inLanguage\":\"sv-SE\",\"potentialAction\":[{\"@type\":\"ReadAction\",\"target\":[\"https:\/\/attraktivaljungby.hemsida.eu\/?page_id=367\"]}]},{\"@type\":\"BreadcrumbList\",\"@id\":\"https:\/\/attraktivaljungby.hemsida.eu\/?page_id=367#breadcrumb\",\"itemListElement\":[{\"@type\":\"ListItem\",\"position\":1,\"name\":\"Hem\",\"item\":\"https:\/\/attraktivaljungby.hemsida.eu\/\"},{\"@type\":\"ListItem\",\"position\":2,\"name\":\"Studera\"}]},{\"@type\":\"WebSite\",\"@id\":\"https:\/\/attraktivaljungby.hemsida.eu\/#website\",\"url\":\"https:\/\/attraktivaljungby.hemsida.eu\/\",\"name\":\"Attraktiva Ljungby\",\"description\":\"\",\"publisher\":{\"@id\":\"https:\/\/attraktivaljungby.hemsida.eu\/#organization\"},\"potentialAction\":[{\"@type\":\"SearchAction\",\"target\":{\"@type\":\"EntryPoint\",\"urlTemplate\":\"https:\/\/attraktivaljungby.hemsida.eu\/?s={search_term_string}\"},\"query-input\":{\"@type\":\"PropertyValueSpecification\",\"valueRequired\":true,\"valueName\":\"search_term_string\"}}],\"inLanguage\":\"sv-SE\"},{\"@type\":\"Organization\",\"@id\":\"https:\/\/attraktivaljungby.hemsida.eu\/#organization\",\"name\":\"Attraktiva Ljungby\",\"url\":\"https:\/\/attraktivaljungby.hemsida.eu\/\",\"logo\":{\"@type\":\"ImageObject\",\"inLanguage\":\"sv-SE\",\"@id\":\"https:\/\/attraktivaljungby.hemsida.eu\/#\/schema\/logo\/image\/\",\"url\":\"https:\/\/attraktivaljungby.hemsida.eu\/wp-content\/uploads\/2025\/08\/LjungbyPVM-LogoPayoff-RGB-Svart.png\",\"contentUrl\":\"https:\/\/attraktivaljungby.hemsida.eu\/wp-content\/uploads\/2025\/08\/LjungbyPVM-LogoPayoff-RGB-Svart.png\",\"width\":452,\"height\":281,\"caption\":\"Attraktiva Ljungby\"},\"image\":{\"@id\":\"https:\/\/attraktivaljungby.hemsida.eu\/#\/schema\/logo\/image\/\"}}]}<\/script>\n<!-- \/ Yoast SEO plugin. -->","yoast_head_json":{"title":"Studera i Ljungby | Attraktiva Ljungby","description":"Ljungby erbjuder yrkesh\u00f6gskoleutbildningar p\u00e5 eftergymnasial niv\u00e5 med inriktning mot industri, teknik och it.","robots":{"index":"noindex","follow":"follow","max-snippet":"max-snippet:-1","max-image-preview":"max-image-preview:large","max-video-preview":"max-video-preview:-1"},"og_locale":"sv_SE","og_type":"article","og_title":"Studera i Ljungby | Attraktiva Ljungby","og_description":"Ljungby erbjuder yrkesh\u00f6gskoleutbildningar p\u00e5 eftergymnasial niv\u00e5 med inriktning mot industri, teknik och it.","og_url":"https:\/\/attraktivaljungby.hemsida.eu\/?page_id=367","og_site_name":"Attraktiva Ljungby","article_modified_time":"2025-10-27T15:31:51+00:00","twitter_card":"summary_large_image","twitter_misc":{"Ber\u00e4knad l\u00e4stid":"1 minut"},"schema":{"@context":"https:\/\/schema.org","@graph":[{"@type":"WebPage","@id":"https:\/\/attraktivaljungby.hemsida.eu\/?page_id=367","url":"https:\/\/attraktivaljungby.hemsida.eu\/?page_id=367","name":"Studera i Ljungby | Attraktiva Ljungby","isPartOf":{"@id":"https:\/\/attraktivaljungby.hemsida.eu\/#website"},"datePublished":"2025-08-21T13:43:51+00:00","dateModified":"2025-10-27T15:31:51+00:00","description":"Ljungby erbjuder yrkesh\u00f6gskoleutbildningar p\u00e5 eftergymnasial niv\u00e5 med inriktning mot industri, teknik och it.","breadcrumb":{"@id":"https:\/\/attraktivaljungby.hemsida.eu\/?page_id=367#breadcrumb"},"inLanguage":"sv-SE","potentialAction":[{"@type":"ReadAction","target":["https:\/\/attraktivaljungby.hemsida.eu\/?page_id=367"]}]},{"@type":"BreadcrumbList","@id":"https:\/\/attraktivaljungby.hemsida.eu\/?page_id=367#breadcrumb","itemListElement":[{"@type":"ListItem","position":1,"name":"Hem","item":"https:\/\/attraktivaljungby.hemsida.eu\/"},{"@type":"ListItem","position":2,"name":"Studera"}]},{"@type":"WebSite","@id":"https:\/\/attraktivaljungby.hemsida.eu\/#website","url":"https:\/\/attraktivaljungby.hemsida.eu\/","name":"Attraktiva Ljungby","description":"","publisher":{"@id":"https:\/\/attraktivaljungby.hemsida.eu\/#organization"},"potentialAction":[{"@type":"SearchAction","target":{"@type":"EntryPoint","urlTemplate":"https:\/\/attraktivaljungby.hemsida.eu\/?s={search_term_string}"},"query-input":{"@type":"PropertyValueSpecification","valueRequired":true,"valueName":"search_term_string"}}],"inLanguage":"sv-SE"},{"@type":"Organization","@id":"https:\/\/attraktivaljungby.hemsida.eu\/#organization","name":"Attraktiva Ljungby","url":"https:\/\/attraktivaljungby.hemsida.eu\/","logo":{"@type":"ImageObject","inLanguage":"sv-SE","@id":"https:\/\/attraktivaljungby.hemsida.eu\/#\/schema\/logo\/image\/","url":"https:\/\/attraktivaljungby.hemsida.eu\/wp-content\/uploads\/2025\/08\/LjungbyPVM-LogoPayoff-RGB-Svart.png","contentUrl":"https:\/\/attraktivaljungby.hemsida.eu\/wp-content\/uploads\/2025\/08\/LjungbyPVM-LogoPayoff-RGB-Svart.png","width":452,"height":281,"caption":"Attraktiva Ljungby"},"image":{"@id":"https:\/\/attraktivaljungby.hemsida.eu\/#\/schema\/logo\/image\/"}}]}},"_links":{"self":[{"href":"https:\/\/attraktivaljungby.hemsida.eu\/index.php?rest_route=\/wp\/v2\/pages\/367","targetHints":{"allow":["GET"]}}],"collection":[{"href":"https:\/\/attraktivaljungby.hemsida.eu\/index.php?rest_route=\/wp\/v2\/pages"}],"about":[{"href":"https:\/\/attraktivaljungby.hemsida.eu\/index.php?rest_route=\/wp\/v2\/types\/page"}],"author":[{"embeddable":true,"href":"https:\/\/attraktivaljungby.hemsida.eu\/index.php?rest_route=\/wp\/v2\/users\/1"}],"replies":[{"embeddable":true,"href":"https:\/\/attraktivaljungby.hemsida.eu\/index.php?rest_route=%2Fwp%2Fv2%2Fcomments&post=367"}],"version-history":[{"count":52,"href":"https:\/\/attraktivaljungby.hemsida.eu\/index.php?rest_route=\/wp\/v2\/pages\/367\/revisions"}],"predecessor-version":[{"id":671,"href":"https:\/\/attraktivaljungby.hemsida.eu\/index.php?rest_route=\/wp\/v2\/pages\/367\/revisions\/671"}],"wp:attachment":[{"href":"https:\/\/attraktivaljungby.hemsida.eu\/index.php?rest_route=%2Fwp%2Fv2%2Fmedia&parent=367"}],"curies":[{"name":"wp","href":"https:\/\/api.w.org\/{rel}","templated":true}]}}