{"id":283,"date":"2025-08-21T13:17:35","date_gmt":"2025-08-21T13:17:35","guid":{"rendered":"https:\/\/attraktivaljungby.hemsida.eu\/?page_id=283"},"modified":"2025-10-27T15:27:58","modified_gmt":"2025-10-27T15:27:58","slug":"flytta-hit","status":"publish","type":"page","link":"https:\/\/attraktivaljungby.hemsida.eu\/?page_id=283","title":{"rendered":"Flytta hit"},"content":{"rendered":"\t\t<div data-elementor-type=\"wp-page\" data-elementor-id=\"283\" class=\"elementor elementor-283\" data-elementor-post-type=\"page\">\n\t\t\t\t<div class=\"elementor-element elementor-element-36750b7 e-flex e-con-boxed e-con e-parent\" data-id=\"36750b7\" data-element_type=\"container\" data-settings=\"{&quot;background_background&quot;:&quot;classic&quot;}\">\n\t\t\t\t\t<div class=\"e-con-inner\">\n\t\t\t\t<div class=\"elementor-element elementor-element-9d1b5ce elementor-widget elementor-widget-heading\" data-id=\"9d1b5ce\" data-element_type=\"widget\" data-widget_type=\"heading.default\">\n\t\t\t\t\t<h2 class=\"elementor-heading-title elementor-size-default\">Flytta hit<\/h2>\t\t\t\t<\/div>\n\t\t\t\t\t<\/div>\n\t\t\t\t<\/div>\n\t\t<div class=\"elementor-element elementor-element-2442651 e-flex e-con-boxed e-con e-parent\" data-id=\"2442651\" data-element_type=\"container\">\n\t\t\t\t\t<div class=\"e-con-inner\">\n\t\t<div class=\"elementor-element elementor-element-6b971b0 e-con-full e-flex e-con e-child\" data-id=\"6b971b0\" data-element_type=\"container\" data-settings=\"{&quot;background_background&quot;:&quot;classic&quot;}\">\n\t\t\t\t<\/div>\n\t\t<div class=\"elementor-element elementor-element-7a49807 e-con-full e-flex e-con e-child\" data-id=\"7a49807\" data-element_type=\"container\">\n\t\t\t\t<div class=\"elementor-element elementor-element-b49599f elementor-widget elementor-widget-heading\" data-id=\"b49599f\" data-element_type=\"widget\" data-widget_type=\"heading.default\">\n\t\t\t\t\t<h2 class=\"elementor-heading-title elementor-size-default\">Bo i stan, byn eller p\u00e5 landet<\/h2>\t\t\t\t<\/div>\n\t\t\t\t<div class=\"elementor-element elementor-element-f752f1b elementor-widget elementor-widget-text-editor\" data-id=\"f752f1b\" data-element_type=\"widget\" data-widget_type=\"text-editor.default\">\n\t\t\t\t\t\t\t\t\t<p>M\u00e5nga av oss njuter av att ha naturen och vattnet precis runt h\u00f6rnet Man kan v\u00e4lja mellan att bo i Ljungby stad, i ett antal mindre t\u00e4torter med kommunal service eller mer fritt i v\u00e5r h\u00e4rliga landsbygd. I Ljungby stad finns lugna villaomr\u00e5den och trevliga l\u00e4genheter. Var du \u00e4n bor har du n\u00e4ra till allt som staden har att erbjuda.<span class=\"Apple-converted-space\">\u00a0<\/span><\/p>\t\t\t\t\t\t\t\t<\/div>\n\t\t\t\t<div class=\"elementor-element elementor-element-a6edec5 elementor-icon-list--layout-traditional elementor-list-item-link-full_width elementor-widget elementor-widget-icon-list\" data-id=\"a6edec5\" data-element_type=\"widget\" data-widget_type=\"icon-list.default\">\n\t\t\t\t\t\t\t<ul class=\"elementor-icon-list-items\">\n\t\t\t\t\t\t\t<li class=\"elementor-icon-list-item\">\n\t\t\t\t\t\t\t\t\t\t\t<a href=\"https:\/\/www.ljungby.se\/flytta-hit\">\n\n\t\t\t\t\t\t\t\t\t\t\t\t<span class=\"elementor-icon-list-icon\">\n\t\t\t\t\t\t\t<i aria-hidden=\"true\" class=\"icon icon-internet\"><\/i>\t\t\t\t\t\t<\/span>\n\t\t\t\t\t\t\t\t\t\t<span class=\"elementor-icon-list-text\">L\u00e4s mer<\/span>\n\t\t\t\t\t\t\t\t\t\t\t<\/a>\n\t\t\t\t\t\t\t\t\t<\/li>\n\t\t\t\t\t\t<\/ul>\n\t\t\t\t\t\t<\/div>\n\t\t\t\t<\/div>\n\t\t\t\t\t<\/div>\n\t\t\t\t<\/div>\n\t\t\t\t<\/div>\n\t\t","protected":false},"excerpt":{"rendered":"<p>Flytta hit Bo i stan, byn eller p\u00e5 landet M\u00e5nga av oss njuter av att ha naturen och vattnet precis runt h\u00f6rnet Man kan v\u00e4lja mellan att bo i Ljungby stad, i ett antal mindre t\u00e4torter med kommunal service eller mer fritt i v\u00e5r h\u00e4rliga landsbygd. I Ljungby stad finns lugna villaomr\u00e5den och trevliga l\u00e4genheter. [&hellip;]<\/p>\n","protected":false},"author":1,"featured_media":0,"parent":0,"menu_order":0,"comment_status":"closed","ping_status":"closed","template":"","meta":{"footnotes":""},"class_list":["post-283","page","type-page","status-publish","hentry"],"yoast_head":"<!-- This site is optimized with the Yoast SEO plugin v26.2 - https:\/\/yoast.com\/wordpress\/plugins\/seo\/ -->\n<title>Flytta till Ljungby | Attraktiva Ljungby<\/title>\n<meta name=\"description\" content=\"Man kan v\u00e4lja mellan att bo i Ljungby stad, i ett antal mindre t\u00e4torter med kommunal service eller mer fritt i v\u00e5r h\u00e4rliga landsbygd.\" \/>\n<meta name=\"robots\" content=\"noindex, follow, max-snippet:-1, max-image-preview:large, max-video-preview:-1\" \/>\n<meta property=\"og:locale\" content=\"sv_SE\" \/>\n<meta property=\"og:type\" content=\"article\" \/>\n<meta property=\"og:title\" content=\"Flytta till Ljungby | Attraktiva Ljungby\" \/>\n<meta property=\"og:description\" content=\"Man kan v\u00e4lja mellan att bo i Ljungby stad, i ett antal mindre t\u00e4torter med kommunal service eller mer fritt i v\u00e5r h\u00e4rliga landsbygd.\" \/>\n<meta property=\"og:url\" content=\"https:\/\/attraktivaljungby.hemsida.eu\/?page_id=283\" \/>\n<meta property=\"og:site_name\" content=\"Attraktiva Ljungby\" \/>\n<meta property=\"article:modified_time\" content=\"2025-10-27T15:27:58+00:00\" \/>\n<meta name=\"twitter:card\" content=\"summary_large_image\" \/>\n<meta name=\"twitter:label1\" content=\"Ber\u00e4knad l\u00e4stid\" \/>\n\t<meta name=\"twitter:data1\" content=\"1 minut\" \/>\n<script type=\"application\/ld+json\" class=\"yoast-schema-graph\">{\"@context\":\"https:\/\/schema.org\",\"@graph\":[{\"@type\":\"WebPage\",\"@id\":\"https:\/\/attraktivaljungby.hemsida.eu\/?page_id=283\",\"url\":\"https:\/\/attraktivaljungby.hemsida.eu\/?page_id=283\",\"name\":\"Flytta till Ljungby | Attraktiva Ljungby\",\"isPartOf\":{\"@id\":\"https:\/\/attraktivaljungby.hemsida.eu\/#website\"},\"datePublished\":\"2025-08-21T13:17:35+00:00\",\"dateModified\":\"2025-10-27T15:27:58+00:00\",\"description\":\"Man kan v\u00e4lja mellan att bo i Ljungby stad, i ett antal mindre t\u00e4torter med kommunal service eller mer fritt i v\u00e5r h\u00e4rliga landsbygd.\",\"breadcrumb\":{\"@id\":\"https:\/\/attraktivaljungby.hemsida.eu\/?page_id=283#breadcrumb\"},\"inLanguage\":\"sv-SE\",\"potentialAction\":[{\"@type\":\"ReadAction\",\"target\":[\"https:\/\/attraktivaljungby.hemsida.eu\/?page_id=283\"]}]},{\"@type\":\"BreadcrumbList\",\"@id\":\"https:\/\/attraktivaljungby.hemsida.eu\/?page_id=283#breadcrumb\",\"itemListElement\":[{\"@type\":\"ListItem\",\"position\":1,\"name\":\"Hem\",\"item\":\"https:\/\/attraktivaljungby.hemsida.eu\/\"},{\"@type\":\"ListItem\",\"position\":2,\"name\":\"Flytta hit\"}]},{\"@type\":\"WebSite\",\"@id\":\"https:\/\/attraktivaljungby.hemsida.eu\/#website\",\"url\":\"https:\/\/attraktivaljungby.hemsida.eu\/\",\"name\":\"Attraktiva Ljungby\",\"description\":\"\",\"publisher\":{\"@id\":\"https:\/\/attraktivaljungby.hemsida.eu\/#organization\"},\"potentialAction\":[{\"@type\":\"SearchAction\",\"target\":{\"@type\":\"EntryPoint\",\"urlTemplate\":\"https:\/\/attraktivaljungby.hemsida.eu\/?s={search_term_string}\"},\"query-input\":{\"@type\":\"PropertyValueSpecification\",\"valueRequired\":true,\"valueName\":\"search_term_string\"}}],\"inLanguage\":\"sv-SE\"},{\"@type\":\"Organization\",\"@id\":\"https:\/\/attraktivaljungby.hemsida.eu\/#organization\",\"name\":\"Attraktiva Ljungby\",\"url\":\"https:\/\/attraktivaljungby.hemsida.eu\/\",\"logo\":{\"@type\":\"ImageObject\",\"inLanguage\":\"sv-SE\",\"@id\":\"https:\/\/attraktivaljungby.hemsida.eu\/#\/schema\/logo\/image\/\",\"url\":\"https:\/\/attraktivaljungby.hemsida.eu\/wp-content\/uploads\/2025\/08\/LjungbyPVM-LogoPayoff-RGB-Svart.png\",\"contentUrl\":\"https:\/\/attraktivaljungby.hemsida.eu\/wp-content\/uploads\/2025\/08\/LjungbyPVM-LogoPayoff-RGB-Svart.png\",\"width\":452,\"height\":281,\"caption\":\"Attraktiva Ljungby\"},\"image\":{\"@id\":\"https:\/\/attraktivaljungby.hemsida.eu\/#\/schema\/logo\/image\/\"}}]}<\/script>\n<!-- \/ Yoast SEO plugin. -->","yoast_head_json":{"title":"Flytta till Ljungby | Attraktiva Ljungby","description":"Man kan v\u00e4lja mellan att bo i Ljungby stad, i ett antal mindre t\u00e4torter med kommunal service eller mer fritt i v\u00e5r h\u00e4rliga landsbygd.","robots":{"index":"noindex","follow":"follow","max-snippet":"max-snippet:-1","max-image-preview":"max-image-preview:large","max-video-preview":"max-video-preview:-1"},"og_locale":"sv_SE","og_type":"article","og_title":"Flytta till Ljungby | Attraktiva Ljungby","og_description":"Man kan v\u00e4lja mellan att bo i Ljungby stad, i ett antal mindre t\u00e4torter med kommunal service eller mer fritt i v\u00e5r h\u00e4rliga landsbygd.","og_url":"https:\/\/attraktivaljungby.hemsida.eu\/?page_id=283","og_site_name":"Attraktiva Ljungby","article_modified_time":"2025-10-27T15:27:58+00:00","twitter_card":"summary_large_image","twitter_misc":{"Ber\u00e4knad l\u00e4stid":"1 minut"},"schema":{"@context":"https:\/\/schema.org","@graph":[{"@type":"WebPage","@id":"https:\/\/attraktivaljungby.hemsida.eu\/?page_id=283","url":"https:\/\/attraktivaljungby.hemsida.eu\/?page_id=283","name":"Flytta till Ljungby | Attraktiva Ljungby","isPartOf":{"@id":"https:\/\/attraktivaljungby.hemsida.eu\/#website"},"datePublished":"2025-08-21T13:17:35+00:00","dateModified":"2025-10-27T15:27:58+00:00","description":"Man kan v\u00e4lja mellan att bo i Ljungby stad, i ett antal mindre t\u00e4torter med kommunal service eller mer fritt i v\u00e5r h\u00e4rliga landsbygd.","breadcrumb":{"@id":"https:\/\/attraktivaljungby.hemsida.eu\/?page_id=283#breadcrumb"},"inLanguage":"sv-SE","potentialAction":[{"@type":"ReadAction","target":["https:\/\/attraktivaljungby.hemsida.eu\/?page_id=283"]}]},{"@type":"BreadcrumbList","@id":"https:\/\/attraktivaljungby.hemsida.eu\/?page_id=283#breadcrumb","itemListElement":[{"@type":"ListItem","position":1,"name":"Hem","item":"https:\/\/attraktivaljungby.hemsida.eu\/"},{"@type":"ListItem","position":2,"name":"Flytta hit"}]},{"@type":"WebSite","@id":"https:\/\/attraktivaljungby.hemsida.eu\/#website","url":"https:\/\/attraktivaljungby.hemsida.eu\/","name":"Attraktiva Ljungby","description":"","publisher":{"@id":"https:\/\/attraktivaljungby.hemsida.eu\/#organization"},"potentialAction":[{"@type":"SearchAction","target":{"@type":"EntryPoint","urlTemplate":"https:\/\/attraktivaljungby.hemsida.eu\/?s={search_term_string}"},"query-input":{"@type":"PropertyValueSpecification","valueRequired":true,"valueName":"search_term_string"}}],"inLanguage":"sv-SE"},{"@type":"Organization","@id":"https:\/\/attraktivaljungby.hemsida.eu\/#organization","name":"Attraktiva Ljungby","url":"https:\/\/attraktivaljungby.hemsida.eu\/","logo":{"@type":"ImageObject","inLanguage":"sv-SE","@id":"https:\/\/attraktivaljungby.hemsida.eu\/#\/schema\/logo\/image\/","url":"https:\/\/attraktivaljungby.hemsida.eu\/wp-content\/uploads\/2025\/08\/LjungbyPVM-LogoPayoff-RGB-Svart.png","contentUrl":"https:\/\/attraktivaljungby.hemsida.eu\/wp-content\/uploads\/2025\/08\/LjungbyPVM-LogoPayoff-RGB-Svart.png","width":452,"height":281,"caption":"Attraktiva Ljungby"},"image":{"@id":"https:\/\/attraktivaljungby.hemsida.eu\/#\/schema\/logo\/image\/"}}]}},"_links":{"self":[{"href":"https:\/\/attraktivaljungby.hemsida.eu\/index.php?rest_route=\/wp\/v2\/pages\/283","targetHints":{"allow":["GET"]}}],"collection":[{"href":"https:\/\/attraktivaljungby.hemsida.eu\/index.php?rest_route=\/wp\/v2\/pages"}],"about":[{"href":"https:\/\/attraktivaljungby.hemsida.eu\/index.php?rest_route=\/wp\/v2\/types\/page"}],"author":[{"embeddable":true,"href":"https:\/\/attraktivaljungby.hemsida.eu\/index.php?rest_route=\/wp\/v2\/users\/1"}],"replies":[{"embeddable":true,"href":"https:\/\/attraktivaljungby.hemsida.eu\/index.php?rest_route=%2Fwp%2Fv2%2Fcomments&post=283"}],"version-history":[{"count":79,"href":"https:\/\/attraktivaljungby.hemsida.eu\/index.php?rest_route=\/wp\/v2\/pages\/283\/revisions"}],"predecessor-version":[{"id":668,"href":"https:\/\/attraktivaljungby.hemsida.eu\/index.php?rest_route=\/wp\/v2\/pages\/283\/revisions\/668"}],"wp:attachment":[{"href":"https:\/\/attraktivaljungby.hemsida.eu\/index.php?rest_route=%2Fwp%2Fv2%2Fmedia&parent=283"}],"curies":[{"name":"wp","href":"https:\/\/api.w.org\/{rel}","templated":true}]}}