{"id":27,"date":"2025-08-21T08:11:20","date_gmt":"2025-08-21T08:11:20","guid":{"rendered":"https:\/\/attraktivaljungby.hemsida.eu\/?page_id=27"},"modified":"2025-10-27T15:26:54","modified_gmt":"2025-10-27T15:26:54","slug":"hem","status":"publish","type":"page","link":"https:\/\/attraktivaljungby.hemsida.eu\/","title":{"rendered":"Hem"},"content":{"rendered":"\t\t<div data-elementor-type=\"wp-page\" data-elementor-id=\"27\" class=\"elementor elementor-27\" data-elementor-post-type=\"page\">\n\t\t\t\t<div class=\"elementor-element elementor-element-38186f1 e-flex e-con-boxed e-con e-parent\" data-id=\"38186f1\" data-element_type=\"container\" data-settings=\"{&quot;background_background&quot;:&quot;classic&quot;,&quot;background_motion_fx_motion_fx_scrolling&quot;:&quot;yes&quot;,&quot;background_motion_fx_scale_effect&quot;:&quot;yes&quot;,&quot;background_motion_fx_scale_range&quot;:{&quot;unit&quot;:&quot;%&quot;,&quot;size&quot;:&quot;&quot;,&quot;sizes&quot;:{&quot;start&quot;:48,&quot;end&quot;:100}},&quot;background_motion_fx_scale_direction&quot;:&quot;out-in&quot;,&quot;background_motion_fx_scale_speed&quot;:{&quot;unit&quot;:&quot;px&quot;,&quot;size&quot;:4,&quot;sizes&quot;:[]},&quot;background_motion_fx_devices&quot;:[&quot;desktop&quot;,&quot;tablet&quot;,&quot;mobile&quot;]}\">\n\t\t\t\t\t<div class=\"e-con-inner\">\n\t\t<div class=\"elementor-element elementor-element-0d2c22e e-con-full e-flex e-con e-child\" data-id=\"0d2c22e\" data-element_type=\"container\">\n\t\t\t\t<div class=\"elementor-element elementor-element-af89550 elementor-invisible elementor-widget elementor-widget-heading\" data-id=\"af89550\" data-element_type=\"widget\" data-settings=\"{&quot;_animation&quot;:&quot;fadeInLeft&quot;}\" data-widget_type=\"heading.default\">\n\t\t\t\t\t<h2 class=\"elementor-heading-title elementor-size-default\">Ljungby<\/h2>\t\t\t\t<\/div>\n\t\t\t\t<div class=\"elementor-element elementor-element-64cf306 elementor-invisible elementor-widget elementor-widget-text-editor\" data-id=\"64cf306\" data-element_type=\"widget\" data-settings=\"{&quot;_animation&quot;:&quot;fadeInLeft&quot;}\" data-widget_type=\"text-editor.default\">\n\t\t\t\t\t\t\t\t\t<p>&#8211; pr\u00e4glas av sm\u00e5l\u00e4ndsk kreativitet, v\u00e4rldsledande f\u00f6retag och ljuvlig natur. Dessutom \u00e4r det n\u00e4ra till allt.<\/p>\t\t\t\t\t\t\t\t<\/div>\n\t\t\t\t<\/div>\n\t\t<div class=\"elementor-element elementor-element-4df111f e-con-full e-flex e-con e-child\" data-id=\"4df111f\" data-element_type=\"container\">\n\t\t\t\t<\/div>\n\t\t\t\t\t<\/div>\n\t\t\t\t<\/div>\n\t\t<div class=\"elementor-element elementor-element-17773ae e-flex e-con-boxed e-con e-parent\" data-id=\"17773ae\" data-element_type=\"container\">\n\t\t\t\t\t<div class=\"e-con-inner\">\n\t\t<a class=\"elementor-element elementor-element-b4c9dbe e-con-full e-flex e-con e-child\" data-id=\"b4c9dbe\" data-element_type=\"container\" data-settings=\"{&quot;background_background&quot;:&quot;classic&quot;}\" href=\"https:\/\/attraktivaljungby.hemsida.eu\/?page_id=137\">\n\t\t\t\t<div class=\"elementor-element elementor-element-9b11337 elementor-icon-list--layout-traditional elementor-list-item-link-full_width elementor-widget elementor-widget-icon-list\" data-id=\"9b11337\" data-element_type=\"widget\" data-widget_type=\"icon-list.default\">\n\t\t\t\t\t\t\t<ul class=\"elementor-icon-list-items\">\n\t\t\t\t\t\t\t<li class=\"elementor-icon-list-item\">\n\t\t\t\t\t\t\t\t\t\t\t<span class=\"elementor-icon-list-icon\">\n\t\t\t\t\t\t\t<i aria-hidden=\"true\" class=\"icon icon-chevron-right\"><\/i>\t\t\t\t\t\t<\/span>\n\t\t\t\t\t\t\t\t\t\t<span class=\"elementor-icon-list-text\">N\u00e4ringsliv<\/span>\n\t\t\t\t\t\t\t\t\t<\/li>\n\t\t\t\t\t\t<\/ul>\n\t\t\t\t\t\t<\/div>\n\t\t\t\t<\/a>\n\t\t<a class=\"elementor-element elementor-element-209fc97 e-con-full e-flex e-con e-child\" data-id=\"209fc97\" data-element_type=\"container\" data-settings=\"{&quot;background_background&quot;:&quot;classic&quot;}\" href=\"https:\/\/attraktivaljungby.hemsida.eu\/?page_id=283\">\n\t\t\t\t<div class=\"elementor-element elementor-element-7b44eaf elementor-icon-list--layout-traditional elementor-list-item-link-full_width elementor-widget elementor-widget-icon-list\" data-id=\"7b44eaf\" data-element_type=\"widget\" data-widget_type=\"icon-list.default\">\n\t\t\t\t\t\t\t<ul class=\"elementor-icon-list-items\">\n\t\t\t\t\t\t\t<li class=\"elementor-icon-list-item\">\n\t\t\t\t\t\t\t\t\t\t\t<span class=\"elementor-icon-list-icon\">\n\t\t\t\t\t\t\t<i aria-hidden=\"true\" class=\"icon icon-chevron-right\"><\/i>\t\t\t\t\t\t<\/span>\n\t\t\t\t\t\t\t\t\t\t<span class=\"elementor-icon-list-text\">Flytta hit<\/span>\n\t\t\t\t\t\t\t\t\t<\/li>\n\t\t\t\t\t\t<\/ul>\n\t\t\t\t\t\t<\/div>\n\t\t\t\t<\/a>\n\t\t<a class=\"elementor-element elementor-element-427b729 e-con-full e-flex e-con e-child\" data-id=\"427b729\" data-element_type=\"container\" data-settings=\"{&quot;background_background&quot;:&quot;classic&quot;}\" href=\"https:\/\/attraktivaljungby.hemsida.eu\/?page_id=367\">\n\t\t\t\t<div class=\"elementor-element elementor-element-7cb724a elementor-icon-list--layout-traditional elementor-list-item-link-full_width elementor-widget elementor-widget-icon-list\" data-id=\"7cb724a\" data-element_type=\"widget\" data-widget_type=\"icon-list.default\">\n\t\t\t\t\t\t\t<ul class=\"elementor-icon-list-items\">\n\t\t\t\t\t\t\t<li class=\"elementor-icon-list-item\">\n\t\t\t\t\t\t\t\t\t\t\t<span class=\"elementor-icon-list-icon\">\n\t\t\t\t\t\t\t<i aria-hidden=\"true\" class=\"icon icon-chevron-right\"><\/i>\t\t\t\t\t\t<\/span>\n\t\t\t\t\t\t\t\t\t\t<span class=\"elementor-icon-list-text\">Studera<\/span>\n\t\t\t\t\t\t\t\t\t<\/li>\n\t\t\t\t\t\t<\/ul>\n\t\t\t\t\t\t<\/div>\n\t\t\t\t<\/a>\n\t\t\t\t\t<\/div>\n\t\t\t\t<\/div>\n\t\t\t\t<\/div>\n\t\t","protected":false},"excerpt":{"rendered":"<p>Ljungby &#8211; pr\u00e4glas av sm\u00e5l\u00e4ndsk kreativitet, v\u00e4rldsledande f\u00f6retag och ljuvlig natur. Dessutom \u00e4r det n\u00e4ra till allt. N\u00e4ringsliv Flytta hit Studera<\/p>\n","protected":false},"author":1,"featured_media":35,"parent":0,"menu_order":0,"comment_status":"closed","ping_status":"closed","template":"","meta":{"footnotes":""},"class_list":["post-27","page","type-page","status-publish","has-post-thumbnail","hentry"],"yoast_head":"<!-- This site is optimized with the Yoast SEO plugin v26.2 - https:\/\/yoast.com\/wordpress\/plugins\/seo\/ -->\n<title>Attraktiva Ljungby<\/title>\n<meta name=\"description\" content=\"Pr\u00e4glas av sm\u00e5l\u00e4ndsk kreativitet, v\u00e4rldsledande f\u00f6retag och ljuvlig natur. Dessutom \u00e4r det n\u00e4ra till allt.\" \/>\n<meta name=\"robots\" content=\"noindex, follow, max-snippet:-1, max-image-preview:large, max-video-preview:-1\" \/>\n<meta property=\"og:locale\" content=\"sv_SE\" \/>\n<meta property=\"og:type\" content=\"article\" \/>\n<meta property=\"og:title\" content=\"Attraktiva Ljungby\" \/>\n<meta property=\"og:description\" content=\"Pr\u00e4glas av sm\u00e5l\u00e4ndsk kreativitet, v\u00e4rldsledande f\u00f6retag och ljuvlig natur. Dessutom \u00e4r det n\u00e4ra till allt.\" \/>\n<meta property=\"og:url\" content=\"https:\/\/attraktivaljungby.hemsida.eu\/\" \/>\n<meta property=\"og:site_name\" content=\"Attraktiva Ljungby\" \/>\n<meta property=\"article:modified_time\" content=\"2025-10-27T15:26:54+00:00\" \/>\n<meta property=\"og:image\" content=\"https:\/\/attraktivaljungby.hemsida.eu\/wp-content\/uploads\/2025\/08\/bilder-1024x576.png\" \/>\n\t<meta property=\"og:image:width\" content=\"1024\" \/>\n\t<meta property=\"og:image:height\" content=\"576\" \/>\n\t<meta property=\"og:image:type\" content=\"image\/png\" \/>\n<meta name=\"twitter:card\" content=\"summary_large_image\" \/>\n<meta name=\"twitter:label1\" content=\"Ber\u00e4knad l\u00e4stid\" \/>\n\t<meta name=\"twitter:data1\" content=\"1 minut\" \/>\n<script type=\"application\/ld+json\" class=\"yoast-schema-graph\">{\"@context\":\"https:\/\/schema.org\",\"@graph\":[{\"@type\":\"WebPage\",\"@id\":\"https:\/\/attraktivaljungby.hemsida.eu\/\",\"url\":\"https:\/\/attraktivaljungby.hemsida.eu\/\",\"name\":\"Attraktiva Ljungby\",\"isPartOf\":{\"@id\":\"https:\/\/attraktivaljungby.hemsida.eu\/#website\"},\"primaryImageOfPage\":{\"@id\":\"https:\/\/attraktivaljungby.hemsida.eu\/#primaryimage\"},\"image\":{\"@id\":\"https:\/\/attraktivaljungby.hemsida.eu\/#primaryimage\"},\"thumbnailUrl\":\"https:\/\/attraktivaljungby.hemsida.eu\/wp-content\/uploads\/2025\/08\/bilder.png\",\"datePublished\":\"2025-08-21T08:11:20+00:00\",\"dateModified\":\"2025-10-27T15:26:54+00:00\",\"description\":\"Pr\u00e4glas av sm\u00e5l\u00e4ndsk kreativitet, v\u00e4rldsledande f\u00f6retag och ljuvlig natur. Dessutom \u00e4r det n\u00e4ra till allt.\",\"breadcrumb\":{\"@id\":\"https:\/\/attraktivaljungby.hemsida.eu\/#breadcrumb\"},\"inLanguage\":\"sv-SE\",\"potentialAction\":[{\"@type\":\"ReadAction\",\"target\":[\"https:\/\/attraktivaljungby.hemsida.eu\/\"]}]},{\"@type\":\"ImageObject\",\"inLanguage\":\"sv-SE\",\"@id\":\"https:\/\/attraktivaljungby.hemsida.eu\/#primaryimage\",\"url\":\"https:\/\/attraktivaljungby.hemsida.eu\/wp-content\/uploads\/2025\/08\/bilder.png\",\"contentUrl\":\"https:\/\/attraktivaljungby.hemsida.eu\/wp-content\/uploads\/2025\/08\/bilder.png\",\"width\":1920,\"height\":1080,\"caption\":\"Attraktiva Ljungby\"},{\"@type\":\"BreadcrumbList\",\"@id\":\"https:\/\/attraktivaljungby.hemsida.eu\/#breadcrumb\",\"itemListElement\":[{\"@type\":\"ListItem\",\"position\":1,\"name\":\"Hem\",\"item\":\"https:\/\/attraktivaljungby.hemsida.eu\/\"},{\"@type\":\"ListItem\",\"position\":2,\"name\":\"Hem\"}]},{\"@type\":\"WebSite\",\"@id\":\"https:\/\/attraktivaljungby.hemsida.eu\/#website\",\"url\":\"https:\/\/attraktivaljungby.hemsida.eu\/\",\"name\":\"Attraktiva Ljungby\",\"description\":\"\",\"publisher\":{\"@id\":\"https:\/\/attraktivaljungby.hemsida.eu\/#organization\"},\"potentialAction\":[{\"@type\":\"SearchAction\",\"target\":{\"@type\":\"EntryPoint\",\"urlTemplate\":\"https:\/\/attraktivaljungby.hemsida.eu\/?s={search_term_string}\"},\"query-input\":{\"@type\":\"PropertyValueSpecification\",\"valueRequired\":true,\"valueName\":\"search_term_string\"}}],\"inLanguage\":\"sv-SE\"},{\"@type\":\"Organization\",\"@id\":\"https:\/\/attraktivaljungby.hemsida.eu\/#organization\",\"name\":\"Attraktiva Ljungby\",\"url\":\"https:\/\/attraktivaljungby.hemsida.eu\/\",\"logo\":{\"@type\":\"ImageObject\",\"inLanguage\":\"sv-SE\",\"@id\":\"https:\/\/attraktivaljungby.hemsida.eu\/#\/schema\/logo\/image\/\",\"url\":\"https:\/\/attraktivaljungby.hemsida.eu\/wp-content\/uploads\/2025\/08\/LjungbyPVM-LogoPayoff-RGB-Svart.png\",\"contentUrl\":\"https:\/\/attraktivaljungby.hemsida.eu\/wp-content\/uploads\/2025\/08\/LjungbyPVM-LogoPayoff-RGB-Svart.png\",\"width\":452,\"height\":281,\"caption\":\"Attraktiva Ljungby\"},\"image\":{\"@id\":\"https:\/\/attraktivaljungby.hemsida.eu\/#\/schema\/logo\/image\/\"}}]}<\/script>\n<!-- \/ Yoast SEO plugin. -->","yoast_head_json":{"title":"Attraktiva Ljungby","description":"Pr\u00e4glas av sm\u00e5l\u00e4ndsk kreativitet, v\u00e4rldsledande f\u00f6retag och ljuvlig natur. Dessutom \u00e4r det n\u00e4ra till allt.","robots":{"index":"noindex","follow":"follow","max-snippet":"max-snippet:-1","max-image-preview":"max-image-preview:large","max-video-preview":"max-video-preview:-1"},"og_locale":"sv_SE","og_type":"article","og_title":"Attraktiva Ljungby","og_description":"Pr\u00e4glas av sm\u00e5l\u00e4ndsk kreativitet, v\u00e4rldsledande f\u00f6retag och ljuvlig natur. Dessutom \u00e4r det n\u00e4ra till allt.","og_url":"https:\/\/attraktivaljungby.hemsida.eu\/","og_site_name":"Attraktiva Ljungby","article_modified_time":"2025-10-27T15:26:54+00:00","og_image":[{"width":1024,"height":576,"url":"https:\/\/attraktivaljungby.hemsida.eu\/wp-content\/uploads\/2025\/08\/bilder-1024x576.png","type":"image\/png"}],"twitter_card":"summary_large_image","twitter_misc":{"Ber\u00e4knad l\u00e4stid":"1 minut"},"schema":{"@context":"https:\/\/schema.org","@graph":[{"@type":"WebPage","@id":"https:\/\/attraktivaljungby.hemsida.eu\/","url":"https:\/\/attraktivaljungby.hemsida.eu\/","name":"Attraktiva Ljungby","isPartOf":{"@id":"https:\/\/attraktivaljungby.hemsida.eu\/#website"},"primaryImageOfPage":{"@id":"https:\/\/attraktivaljungby.hemsida.eu\/#primaryimage"},"image":{"@id":"https:\/\/attraktivaljungby.hemsida.eu\/#primaryimage"},"thumbnailUrl":"https:\/\/attraktivaljungby.hemsida.eu\/wp-content\/uploads\/2025\/08\/bilder.png","datePublished":"2025-08-21T08:11:20+00:00","dateModified":"2025-10-27T15:26:54+00:00","description":"Pr\u00e4glas av sm\u00e5l\u00e4ndsk kreativitet, v\u00e4rldsledande f\u00f6retag och ljuvlig natur. Dessutom \u00e4r det n\u00e4ra till allt.","breadcrumb":{"@id":"https:\/\/attraktivaljungby.hemsida.eu\/#breadcrumb"},"inLanguage":"sv-SE","potentialAction":[{"@type":"ReadAction","target":["https:\/\/attraktivaljungby.hemsida.eu\/"]}]},{"@type":"ImageObject","inLanguage":"sv-SE","@id":"https:\/\/attraktivaljungby.hemsida.eu\/#primaryimage","url":"https:\/\/attraktivaljungby.hemsida.eu\/wp-content\/uploads\/2025\/08\/bilder.png","contentUrl":"https:\/\/attraktivaljungby.hemsida.eu\/wp-content\/uploads\/2025\/08\/bilder.png","width":1920,"height":1080,"caption":"Attraktiva Ljungby"},{"@type":"BreadcrumbList","@id":"https:\/\/attraktivaljungby.hemsida.eu\/#breadcrumb","itemListElement":[{"@type":"ListItem","position":1,"name":"Hem","item":"https:\/\/attraktivaljungby.hemsida.eu\/"},{"@type":"ListItem","position":2,"name":"Hem"}]},{"@type":"WebSite","@id":"https:\/\/attraktivaljungby.hemsida.eu\/#website","url":"https:\/\/attraktivaljungby.hemsida.eu\/","name":"Attraktiva Ljungby","description":"","publisher":{"@id":"https:\/\/attraktivaljungby.hemsida.eu\/#organization"},"potentialAction":[{"@type":"SearchAction","target":{"@type":"EntryPoint","urlTemplate":"https:\/\/attraktivaljungby.hemsida.eu\/?s={search_term_string}"},"query-input":{"@type":"PropertyValueSpecification","valueRequired":true,"valueName":"search_term_string"}}],"inLanguage":"sv-SE"},{"@type":"Organization","@id":"https:\/\/attraktivaljungby.hemsida.eu\/#organization","name":"Attraktiva Ljungby","url":"https:\/\/attraktivaljungby.hemsida.eu\/","logo":{"@type":"ImageObject","inLanguage":"sv-SE","@id":"https:\/\/attraktivaljungby.hemsida.eu\/#\/schema\/logo\/image\/","url":"https:\/\/attraktivaljungby.hemsida.eu\/wp-content\/uploads\/2025\/08\/LjungbyPVM-LogoPayoff-RGB-Svart.png","contentUrl":"https:\/\/attraktivaljungby.hemsida.eu\/wp-content\/uploads\/2025\/08\/LjungbyPVM-LogoPayoff-RGB-Svart.png","width":452,"height":281,"caption":"Attraktiva Ljungby"},"image":{"@id":"https:\/\/attraktivaljungby.hemsida.eu\/#\/schema\/logo\/image\/"}}]}},"_links":{"self":[{"href":"https:\/\/attraktivaljungby.hemsida.eu\/index.php?rest_route=\/wp\/v2\/pages\/27","targetHints":{"allow":["GET"]}}],"collection":[{"href":"https:\/\/attraktivaljungby.hemsida.eu\/index.php?rest_route=\/wp\/v2\/pages"}],"about":[{"href":"https:\/\/attraktivaljungby.hemsida.eu\/index.php?rest_route=\/wp\/v2\/types\/page"}],"author":[{"embeddable":true,"href":"https:\/\/attraktivaljungby.hemsida.eu\/index.php?rest_route=\/wp\/v2\/users\/1"}],"replies":[{"embeddable":true,"href":"https:\/\/attraktivaljungby.hemsida.eu\/index.php?rest_route=%2Fwp%2Fv2%2Fcomments&post=27"}],"version-history":[{"count":125,"href":"https:\/\/attraktivaljungby.hemsida.eu\/index.php?rest_route=\/wp\/v2\/pages\/27\/revisions"}],"predecessor-version":[{"id":665,"href":"https:\/\/attraktivaljungby.hemsida.eu\/index.php?rest_route=\/wp\/v2\/pages\/27\/revisions\/665"}],"wp:featuredmedia":[{"embeddable":true,"href":"https:\/\/attraktivaljungby.hemsida.eu\/index.php?rest_route=\/wp\/v2\/media\/35"}],"wp:attachment":[{"href":"https:\/\/attraktivaljungby.hemsida.eu\/index.php?rest_route=%2Fwp%2Fv2%2Fmedia&parent=27"}],"curies":[{"name":"wp","href":"https:\/\/api.w.org\/{rel}","templated":true}]}}