{"id":137,"date":"2025-08-21T09:27:54","date_gmt":"2025-08-21T09:27:54","guid":{"rendered":"https:\/\/attraktivaljungby.hemsida.eu\/?page_id=137"},"modified":"2025-10-24T09:19:37","modified_gmt":"2025-10-24T09:19:37","slug":"branscher","status":"publish","type":"page","link":"https:\/\/attraktivaljungby.hemsida.eu\/?page_id=137","title":{"rendered":"Branscher"},"content":{"rendered":"\t\t<div data-elementor-type=\"wp-page\" data-elementor-id=\"137\" class=\"elementor elementor-137\" data-elementor-post-type=\"page\">\n\t\t\t\t<div class=\"elementor-element elementor-element-36750b7 e-flex e-con-boxed e-con e-parent\" data-id=\"36750b7\" data-element_type=\"container\" data-settings=\"{&quot;background_background&quot;:&quot;classic&quot;}\">\n\t\t\t\t\t<div class=\"e-con-inner\">\n\t\t\t\t<div class=\"elementor-element elementor-element-9d1b5ce elementor-widget elementor-widget-heading\" data-id=\"9d1b5ce\" data-element_type=\"widget\" data-widget_type=\"heading.default\">\n\t\t\t\t\t<h2 class=\"elementor-heading-title elementor-size-default\">En bred palett av f\u00f6retag<\/h2>\t\t\t\t<\/div>\n\t\t\t\t<div class=\"elementor-element elementor-element-6c33226 elementor-widget elementor-widget-text-editor\" data-id=\"6c33226\" data-element_type=\"widget\" data-widget_type=\"text-editor.default\">\n\t\t\t\t\t\t\t\t\t<p>Ljungby \u00e4r hemmaplan f\u00f6r m\u00e5nga globala industrif\u00f6retag, sm\u00e5 f\u00f6retag, ingenj\u00f6rsfirmor och logistikcenter. Det \u00e4r n\u00e4ra till landsgr\u00e4nsen, flygplatser och kommunikationer till resten av Sverige och v\u00e4rlden.<\/p><p>N\u00e4ringslivets struktur och f\u00f6retagens framg\u00e5ngar p\u00e5 v\u00e4rldsmarknaden g\u00f6r att vi har l\u00e5g arbetsl\u00f6shet. Flera v\u00e4rldsledande tillverkande f\u00f6retag har sina r\u00f6tter h\u00e4r. En v\u00e4ldigt stor del av f\u00f6retagen \u00e4r verksamma inom exportmarknaden. N\u00e5gra har ocks\u00e5 etablerat sina utvecklingsfunktioner och innovationscenter just h\u00e4r i Ljungby.<\/p>\t\t\t\t\t\t\t\t<\/div>\n\t\t\t\t\t<\/div>\n\t\t\t\t<\/div>\n\t\t<div class=\"elementor-element elementor-element-eba572d e-flex e-con-boxed e-con e-parent\" data-id=\"eba572d\" data-element_type=\"container\">\n\t\t\t\t\t<div class=\"e-con-inner\">\n\t\t<div class=\"elementor-element elementor-element-0c42958 e-con-full e-flex e-con e-child\" data-id=\"0c42958\" data-element_type=\"container\">\n\t\t<div class=\"elementor-element elementor-element-a830fbd e-con-full e-flex e-con e-child\" data-id=\"a830fbd\" data-element_type=\"container\">\n\t\t\t\t<div class=\"elementor-element elementor-element-11709b9 elementor-widget elementor-widget-heading\" data-id=\"11709b9\" data-element_type=\"widget\" data-widget_type=\"heading.default\">\n\t\t\t\t\t<h2 class=\"elementor-heading-title elementor-size-default\">Tunga Fordon<\/h2>\t\t\t\t<\/div>\n\t\t\t\t<div class=\"elementor-element elementor-element-2c5c0bd elementor-widget-divider--view-line elementor-widget elementor-widget-divider\" data-id=\"2c5c0bd\" data-element_type=\"widget\" data-widget_type=\"divider.default\">\n\t\t\t\t\t\t\t<div class=\"elementor-divider\">\n\t\t\t<span class=\"elementor-divider-separator\">\n\t\t\t\t\t\t<\/span>\n\t\t<\/div>\n\t\t\t\t\t\t<\/div>\n\t\t\t\t<div class=\"elementor-element elementor-element-4e920bd elementor-icon-list--layout-traditional elementor-list-item-link-full_width elementor-widget elementor-widget-icon-list\" data-id=\"4e920bd\" data-element_type=\"widget\" data-widget_type=\"icon-list.default\">\n\t\t\t\t\t\t\t<ul class=\"elementor-icon-list-items\">\n\t\t\t\t\t\t\t<li class=\"elementor-icon-list-item\">\n\t\t\t\t\t\t\t\t\t\t\t<a href=\"https:\/\/attraktivaljungby.hemsida.eu\/?page_id=417\">\n\n\t\t\t\t\t\t\t\t\t\t\t\t<span class=\"elementor-icon-list-icon\">\n\t\t\t\t\t\t\t<i aria-hidden=\"true\" class=\"icon icon-arrow-right\"><\/i>\t\t\t\t\t\t<\/span>\n\t\t\t\t\t\t\t\t\t\t<span class=\"elementor-icon-list-text\">L\u00e4s mer<\/span>\n\t\t\t\t\t\t\t\t\t\t\t<\/a>\n\t\t\t\t\t\t\t\t\t<\/li>\n\t\t\t\t\t\t<\/ul>\n\t\t\t\t\t\t<\/div>\n\t\t\t\t<\/div>\n\t\t<div class=\"elementor-element elementor-element-1dc91c1 e-con-full e-flex e-con e-child\" data-id=\"1dc91c1\" data-element_type=\"container\" data-settings=\"{&quot;background_background&quot;:&quot;classic&quot;}\">\n\t\t\t\t<\/div>\n\t\t\t\t<\/div>\n\t\t<div class=\"elementor-element elementor-element-4930901 e-con-full e-flex e-con e-child\" data-id=\"4930901\" data-element_type=\"container\">\n\t\t<div class=\"elementor-element elementor-element-ce4a367 e-con-full e-flex e-con e-child\" data-id=\"ce4a367\" data-element_type=\"container\">\n\t\t\t\t<div class=\"elementor-element elementor-element-e6567b3 elementor-widget elementor-widget-heading\" data-id=\"e6567b3\" data-element_type=\"widget\" data-widget_type=\"heading.default\">\n\t\t\t\t\t<h2 class=\"elementor-heading-title elementor-size-default\">Industri &amp; Automation<\/h2>\t\t\t\t<\/div>\n\t\t\t\t<div class=\"elementor-element elementor-element-61e90a6 elementor-widget-divider--view-line elementor-widget elementor-widget-divider\" data-id=\"61e90a6\" data-element_type=\"widget\" data-widget_type=\"divider.default\">\n\t\t\t\t\t\t\t<div class=\"elementor-divider\">\n\t\t\t<span class=\"elementor-divider-separator\">\n\t\t\t\t\t\t<\/span>\n\t\t<\/div>\n\t\t\t\t\t\t<\/div>\n\t\t\t\t<div class=\"elementor-element elementor-element-e01fe68 elementor-icon-list--layout-traditional elementor-list-item-link-full_width elementor-widget elementor-widget-icon-list\" data-id=\"e01fe68\" data-element_type=\"widget\" data-widget_type=\"icon-list.default\">\n\t\t\t\t\t\t\t<ul class=\"elementor-icon-list-items\">\n\t\t\t\t\t\t\t<li class=\"elementor-icon-list-item\">\n\t\t\t\t\t\t\t\t\t\t\t<a href=\"https:\/\/attraktivaljungby.hemsida.eu\/?page_id=549\">\n\n\t\t\t\t\t\t\t\t\t\t\t\t<span class=\"elementor-icon-list-icon\">\n\t\t\t\t\t\t\t<i aria-hidden=\"true\" class=\"icon icon-arrow-right\"><\/i>\t\t\t\t\t\t<\/span>\n\t\t\t\t\t\t\t\t\t\t<span class=\"elementor-icon-list-text\">L\u00e4s mer<\/span>\n\t\t\t\t\t\t\t\t\t\t\t<\/a>\n\t\t\t\t\t\t\t\t\t<\/li>\n\t\t\t\t\t\t<\/ul>\n\t\t\t\t\t\t<\/div>\n\t\t\t\t<\/div>\n\t\t<div class=\"elementor-element elementor-element-230d821 e-con-full e-flex e-con e-child\" data-id=\"230d821\" data-element_type=\"container\" data-settings=\"{&quot;background_background&quot;:&quot;classic&quot;}\">\n\t\t\t\t<\/div>\n\t\t\t\t<\/div>\n\t\t\t\t\t<\/div>\n\t\t\t\t<\/div>\n\t\t<div class=\"elementor-element elementor-element-a778ddd e-flex e-con-boxed e-con e-parent\" data-id=\"a778ddd\" data-element_type=\"container\">\n\t\t\t\t\t<div class=\"e-con-inner\">\n\t\t<div class=\"elementor-element elementor-element-d5a8274 e-con-full e-flex e-con e-child\" data-id=\"d5a8274\" data-element_type=\"container\">\n\t\t<div class=\"elementor-element elementor-element-42e2ad4 e-con-full e-flex e-con e-child\" data-id=\"42e2ad4\" data-element_type=\"container\">\n\t\t\t\t<div class=\"elementor-element elementor-element-0e808bd elementor-widget elementor-widget-heading\" data-id=\"0e808bd\" data-element_type=\"widget\" data-widget_type=\"heading.default\">\n\t\t\t\t\t<h2 class=\"elementor-heading-title elementor-size-default\">El &amp; Energi<\/h2>\t\t\t\t<\/div>\n\t\t\t\t<div class=\"elementor-element elementor-element-6a0b83b elementor-widget-divider--view-line elementor-widget elementor-widget-divider\" data-id=\"6a0b83b\" data-element_type=\"widget\" data-widget_type=\"divider.default\">\n\t\t\t\t\t\t\t<div class=\"elementor-divider\">\n\t\t\t<span class=\"elementor-divider-separator\">\n\t\t\t\t\t\t<\/span>\n\t\t<\/div>\n\t\t\t\t\t\t<\/div>\n\t\t\t\t<div class=\"elementor-element elementor-element-15477b6 elementor-icon-list--layout-traditional elementor-list-item-link-full_width elementor-widget elementor-widget-icon-list\" data-id=\"15477b6\" data-element_type=\"widget\" data-widget_type=\"icon-list.default\">\n\t\t\t\t\t\t\t<ul class=\"elementor-icon-list-items\">\n\t\t\t\t\t\t\t<li class=\"elementor-icon-list-item\">\n\t\t\t\t\t\t\t\t\t\t\t<span class=\"elementor-icon-list-icon\">\n\t\t\t\t\t\t\t<i aria-hidden=\"true\" class=\"icon icon-arrow-right\"><\/i>\t\t\t\t\t\t<\/span>\n\t\t\t\t\t\t\t\t\t\t<span class=\"elementor-icon-list-text\">L\u00e4s mer<\/span>\n\t\t\t\t\t\t\t\t\t<\/li>\n\t\t\t\t\t\t<\/ul>\n\t\t\t\t\t\t<\/div>\n\t\t\t\t<\/div>\n\t\t<div class=\"elementor-element elementor-element-ecb721b e-con-full e-flex e-con e-child\" data-id=\"ecb721b\" data-element_type=\"container\" data-settings=\"{&quot;background_background&quot;:&quot;classic&quot;}\">\n\t\t\t\t<\/div>\n\t\t\t\t<\/div>\n\t\t<div class=\"elementor-element elementor-element-5093dd1 e-con-full e-flex e-con e-child\" data-id=\"5093dd1\" data-element_type=\"container\">\n\t\t<div class=\"elementor-element elementor-element-2a4f39e e-con-full e-flex e-con e-child\" data-id=\"2a4f39e\" data-element_type=\"container\">\n\t\t\t\t<div class=\"elementor-element elementor-element-692a0e3 elementor-widget elementor-widget-heading\" data-id=\"692a0e3\" data-element_type=\"widget\" data-widget_type=\"heading.default\">\n\t\t\t\t\t<h2 class=\"elementor-heading-title elementor-size-default\">Logistik<\/h2>\t\t\t\t<\/div>\n\t\t\t\t<div class=\"elementor-element elementor-element-6f82688 elementor-widget-divider--view-line elementor-widget elementor-widget-divider\" data-id=\"6f82688\" data-element_type=\"widget\" data-widget_type=\"divider.default\">\n\t\t\t\t\t\t\t<div class=\"elementor-divider\">\n\t\t\t<span class=\"elementor-divider-separator\">\n\t\t\t\t\t\t<\/span>\n\t\t<\/div>\n\t\t\t\t\t\t<\/div>\n\t\t\t\t<div class=\"elementor-element elementor-element-5d3921c elementor-icon-list--layout-traditional elementor-list-item-link-full_width elementor-widget elementor-widget-icon-list\" data-id=\"5d3921c\" data-element_type=\"widget\" data-widget_type=\"icon-list.default\">\n\t\t\t\t\t\t\t<ul class=\"elementor-icon-list-items\">\n\t\t\t\t\t\t\t<li class=\"elementor-icon-list-item\">\n\t\t\t\t\t\t\t\t\t\t\t<span class=\"elementor-icon-list-icon\">\n\t\t\t\t\t\t\t<i aria-hidden=\"true\" class=\"icon icon-arrow-right\"><\/i>\t\t\t\t\t\t<\/span>\n\t\t\t\t\t\t\t\t\t\t<span class=\"elementor-icon-list-text\">L\u00e4s mer<\/span>\n\t\t\t\t\t\t\t\t\t<\/li>\n\t\t\t\t\t\t<\/ul>\n\t\t\t\t\t\t<\/div>\n\t\t\t\t<\/div>\n\t\t<div class=\"elementor-element elementor-element-e7dac44 e-con-full e-flex e-con e-child\" data-id=\"e7dac44\" data-element_type=\"container\" data-settings=\"{&quot;background_background&quot;:&quot;classic&quot;}\">\n\t\t\t\t<\/div>\n\t\t\t\t<\/div>\n\t\t\t\t\t<\/div>\n\t\t\t\t<\/div>\n\t\t<div class=\"elementor-element elementor-element-87cc309 e-flex e-con-boxed e-con e-parent\" data-id=\"87cc309\" data-element_type=\"container\">\n\t\t\t\t\t<div class=\"e-con-inner\">\n\t\t<div class=\"elementor-element elementor-element-63e9178 e-con-full e-flex e-con e-child\" data-id=\"63e9178\" data-element_type=\"container\">\n\t\t<div class=\"elementor-element elementor-element-4e051f4 e-con-full e-flex e-con e-child\" data-id=\"4e051f4\" data-element_type=\"container\">\n\t\t\t\t<div class=\"elementor-element elementor-element-ab4e75d elementor-widget elementor-widget-heading\" data-id=\"ab4e75d\" data-element_type=\"widget\" data-widget_type=\"heading.default\">\n\t\t\t\t\t<h2 class=\"elementor-heading-title elementor-size-default\">IT &amp; Kommunikation<\/h2>\t\t\t\t<\/div>\n\t\t\t\t<div class=\"elementor-element elementor-element-047740b elementor-widget-divider--view-line elementor-widget elementor-widget-divider\" data-id=\"047740b\" data-element_type=\"widget\" data-widget_type=\"divider.default\">\n\t\t\t\t\t\t\t<div class=\"elementor-divider\">\n\t\t\t<span class=\"elementor-divider-separator\">\n\t\t\t\t\t\t<\/span>\n\t\t<\/div>\n\t\t\t\t\t\t<\/div>\n\t\t\t\t<div class=\"elementor-element elementor-element-b966a87 elementor-icon-list--layout-traditional elementor-list-item-link-full_width elementor-widget elementor-widget-icon-list\" data-id=\"b966a87\" data-element_type=\"widget\" data-widget_type=\"icon-list.default\">\n\t\t\t\t\t\t\t<ul class=\"elementor-icon-list-items\">\n\t\t\t\t\t\t\t<li class=\"elementor-icon-list-item\">\n\t\t\t\t\t\t\t\t\t\t\t<span class=\"elementor-icon-list-icon\">\n\t\t\t\t\t\t\t<i aria-hidden=\"true\" class=\"icon icon-arrow-right\"><\/i>\t\t\t\t\t\t<\/span>\n\t\t\t\t\t\t\t\t\t\t<span class=\"elementor-icon-list-text\">L\u00e4s mer<\/span>\n\t\t\t\t\t\t\t\t\t<\/li>\n\t\t\t\t\t\t<\/ul>\n\t\t\t\t\t\t<\/div>\n\t\t\t\t<\/div>\n\t\t<div class=\"elementor-element elementor-element-f10992c e-con-full e-flex e-con e-child\" data-id=\"f10992c\" data-element_type=\"container\" data-settings=\"{&quot;background_background&quot;:&quot;classic&quot;}\">\n\t\t\t\t<\/div>\n\t\t\t\t<\/div>\n\t\t<div class=\"elementor-element elementor-element-44bc2f5 e-con-full e-flex e-con e-child\" data-id=\"44bc2f5\" data-element_type=\"container\">\n\t\t<div class=\"elementor-element elementor-element-0a6682a e-con-full e-flex e-con e-child\" data-id=\"0a6682a\" data-element_type=\"container\">\n\t\t\t\t<div class=\"elementor-element elementor-element-b42b5dd elementor-widget elementor-widget-heading\" data-id=\"b42b5dd\" data-element_type=\"widget\" data-widget_type=\"heading.default\">\n\t\t\t\t\t<h2 class=\"elementor-heading-title elementor-size-default\">Sjukv\u00e5rd &amp; H\u00e4lsa<\/h2>\t\t\t\t<\/div>\n\t\t\t\t<div class=\"elementor-element elementor-element-556de77 elementor-widget-divider--view-line elementor-widget elementor-widget-divider\" data-id=\"556de77\" data-element_type=\"widget\" data-widget_type=\"divider.default\">\n\t\t\t\t\t\t\t<div class=\"elementor-divider\">\n\t\t\t<span class=\"elementor-divider-separator\">\n\t\t\t\t\t\t<\/span>\n\t\t<\/div>\n\t\t\t\t\t\t<\/div>\n\t\t\t\t<div class=\"elementor-element elementor-element-0588bcd elementor-icon-list--layout-traditional elementor-list-item-link-full_width elementor-widget elementor-widget-icon-list\" data-id=\"0588bcd\" data-element_type=\"widget\" data-widget_type=\"icon-list.default\">\n\t\t\t\t\t\t\t<ul class=\"elementor-icon-list-items\">\n\t\t\t\t\t\t\t<li class=\"elementor-icon-list-item\">\n\t\t\t\t\t\t\t\t\t\t\t<span class=\"elementor-icon-list-icon\">\n\t\t\t\t\t\t\t<i aria-hidden=\"true\" class=\"icon icon-arrow-right\"><\/i>\t\t\t\t\t\t<\/span>\n\t\t\t\t\t\t\t\t\t\t<span class=\"elementor-icon-list-text\">L\u00e4s mer<\/span>\n\t\t\t\t\t\t\t\t\t<\/li>\n\t\t\t\t\t\t<\/ul>\n\t\t\t\t\t\t<\/div>\n\t\t\t\t<\/div>\n\t\t<div class=\"elementor-element elementor-element-a4bf534 e-con-full e-flex e-con e-child\" data-id=\"a4bf534\" data-element_type=\"container\" data-settings=\"{&quot;background_background&quot;:&quot;classic&quot;}\">\n\t\t\t\t<\/div>\n\t\t\t\t<\/div>\n\t\t\t\t\t<\/div>\n\t\t\t\t<\/div>\n\t\t\t\t<\/div>\n\t\t","protected":false},"excerpt":{"rendered":"<p>En bred palett av f\u00f6retag Ljungby \u00e4r hemmaplan f\u00f6r m\u00e5nga globala industrif\u00f6retag, sm\u00e5 f\u00f6retag, ingenj\u00f6rsfirmor och logistikcenter. Det \u00e4r n\u00e4ra till landsgr\u00e4nsen, flygplatser och kommunikationer till resten av Sverige och v\u00e4rlden. N\u00e4ringslivets struktur och f\u00f6retagens framg\u00e5ngar p\u00e5 v\u00e4rldsmarknaden g\u00f6r att vi har l\u00e5g arbetsl\u00f6shet. Flera v\u00e4rldsledande tillverkande f\u00f6retag har sina r\u00f6tter h\u00e4r. En v\u00e4ldigt stor [&hellip;]<\/p>\n","protected":false},"author":1,"featured_media":0,"parent":0,"menu_order":0,"comment_status":"closed","ping_status":"closed","template":"","meta":{"footnotes":""},"class_list":["post-137","page","type-page","status-publish","hentry"],"yoast_head":"<!-- This site is optimized with the Yoast SEO plugin v26.2 - https:\/\/yoast.com\/wordpress\/plugins\/seo\/ -->\n<title>Branscher - Attraktiva Ljungby<\/title>\n<meta name=\"robots\" content=\"noindex, follow, max-snippet:-1, max-image-preview:large, max-video-preview:-1\" \/>\n<meta property=\"og:locale\" content=\"sv_SE\" \/>\n<meta property=\"og:type\" content=\"article\" \/>\n<meta property=\"og:title\" content=\"Branscher - Attraktiva Ljungby\" \/>\n<meta property=\"og:description\" content=\"En bred palett av f\u00f6retag Ljungby \u00e4r hemmaplan f\u00f6r m\u00e5nga globala industrif\u00f6retag, sm\u00e5 f\u00f6retag, ingenj\u00f6rsfirmor och logistikcenter. Det \u00e4r n\u00e4ra till landsgr\u00e4nsen, flygplatser och kommunikationer till resten av Sverige och v\u00e4rlden. N\u00e4ringslivets struktur och f\u00f6retagens framg\u00e5ngar p\u00e5 v\u00e4rldsmarknaden g\u00f6r att vi har l\u00e5g arbetsl\u00f6shet. Flera v\u00e4rldsledande tillverkande f\u00f6retag har sina r\u00f6tter h\u00e4r. En v\u00e4ldigt stor [&hellip;]\" \/>\n<meta property=\"og:url\" content=\"https:\/\/attraktivaljungby.hemsida.eu\/?page_id=137\" \/>\n<meta property=\"og:site_name\" content=\"Attraktiva Ljungby\" \/>\n<meta property=\"article:modified_time\" content=\"2025-10-24T09:19:37+00:00\" \/>\n<meta name=\"twitter:card\" content=\"summary_large_image\" \/>\n<meta name=\"twitter:label1\" content=\"Ber\u00e4knad l\u00e4stid\" \/>\n\t<meta name=\"twitter:data1\" content=\"1 minut\" \/>\n<script type=\"application\/ld+json\" class=\"yoast-schema-graph\">{\"@context\":\"https:\/\/schema.org\",\"@graph\":[{\"@type\":\"WebPage\",\"@id\":\"https:\/\/attraktivaljungby.hemsida.eu\/?page_id=137\",\"url\":\"https:\/\/attraktivaljungby.hemsida.eu\/?page_id=137\",\"name\":\"Branscher - Attraktiva Ljungby\",\"isPartOf\":{\"@id\":\"https:\/\/attraktivaljungby.hemsida.eu\/#website\"},\"datePublished\":\"2025-08-21T09:27:54+00:00\",\"dateModified\":\"2025-10-24T09:19:37+00:00\",\"breadcrumb\":{\"@id\":\"https:\/\/attraktivaljungby.hemsida.eu\/?page_id=137#breadcrumb\"},\"inLanguage\":\"sv-SE\",\"potentialAction\":[{\"@type\":\"ReadAction\",\"target\":[\"https:\/\/attraktivaljungby.hemsida.eu\/?page_id=137\"]}]},{\"@type\":\"BreadcrumbList\",\"@id\":\"https:\/\/attraktivaljungby.hemsida.eu\/?page_id=137#breadcrumb\",\"itemListElement\":[{\"@type\":\"ListItem\",\"position\":1,\"name\":\"Hem\",\"item\":\"https:\/\/attraktivaljungby.hemsida.eu\/\"},{\"@type\":\"ListItem\",\"position\":2,\"name\":\"Branscher\"}]},{\"@type\":\"WebSite\",\"@id\":\"https:\/\/attraktivaljungby.hemsida.eu\/#website\",\"url\":\"https:\/\/attraktivaljungby.hemsida.eu\/\",\"name\":\"Attraktiva Ljungby\",\"description\":\"\",\"publisher\":{\"@id\":\"https:\/\/attraktivaljungby.hemsida.eu\/#organization\"},\"potentialAction\":[{\"@type\":\"SearchAction\",\"target\":{\"@type\":\"EntryPoint\",\"urlTemplate\":\"https:\/\/attraktivaljungby.hemsida.eu\/?s={search_term_string}\"},\"query-input\":{\"@type\":\"PropertyValueSpecification\",\"valueRequired\":true,\"valueName\":\"search_term_string\"}}],\"inLanguage\":\"sv-SE\"},{\"@type\":\"Organization\",\"@id\":\"https:\/\/attraktivaljungby.hemsida.eu\/#organization\",\"name\":\"Attraktiva Ljungby\",\"url\":\"https:\/\/attraktivaljungby.hemsida.eu\/\",\"logo\":{\"@type\":\"ImageObject\",\"inLanguage\":\"sv-SE\",\"@id\":\"https:\/\/attraktivaljungby.hemsida.eu\/#\/schema\/logo\/image\/\",\"url\":\"https:\/\/attraktivaljungby.hemsida.eu\/wp-content\/uploads\/2025\/08\/LjungbyPVM-LogoPayoff-RGB-Svart.png\",\"contentUrl\":\"https:\/\/attraktivaljungby.hemsida.eu\/wp-content\/uploads\/2025\/08\/LjungbyPVM-LogoPayoff-RGB-Svart.png\",\"width\":452,\"height\":281,\"caption\":\"Attraktiva Ljungby\"},\"image\":{\"@id\":\"https:\/\/attraktivaljungby.hemsida.eu\/#\/schema\/logo\/image\/\"}}]}<\/script>\n<!-- \/ Yoast SEO plugin. -->","yoast_head_json":{"title":"Branscher - Attraktiva Ljungby","robots":{"index":"noindex","follow":"follow","max-snippet":"max-snippet:-1","max-image-preview":"max-image-preview:large","max-video-preview":"max-video-preview:-1"},"og_locale":"sv_SE","og_type":"article","og_title":"Branscher - Attraktiva Ljungby","og_description":"En bred palett av f\u00f6retag Ljungby \u00e4r hemmaplan f\u00f6r m\u00e5nga globala industrif\u00f6retag, sm\u00e5 f\u00f6retag, ingenj\u00f6rsfirmor och logistikcenter. Det \u00e4r n\u00e4ra till landsgr\u00e4nsen, flygplatser och kommunikationer till resten av Sverige och v\u00e4rlden. N\u00e4ringslivets struktur och f\u00f6retagens framg\u00e5ngar p\u00e5 v\u00e4rldsmarknaden g\u00f6r att vi har l\u00e5g arbetsl\u00f6shet. Flera v\u00e4rldsledande tillverkande f\u00f6retag har sina r\u00f6tter h\u00e4r. En v\u00e4ldigt stor [&hellip;]","og_url":"https:\/\/attraktivaljungby.hemsida.eu\/?page_id=137","og_site_name":"Attraktiva Ljungby","article_modified_time":"2025-10-24T09:19:37+00:00","twitter_card":"summary_large_image","twitter_misc":{"Ber\u00e4knad l\u00e4stid":"1 minut"},"schema":{"@context":"https:\/\/schema.org","@graph":[{"@type":"WebPage","@id":"https:\/\/attraktivaljungby.hemsida.eu\/?page_id=137","url":"https:\/\/attraktivaljungby.hemsida.eu\/?page_id=137","name":"Branscher - Attraktiva Ljungby","isPartOf":{"@id":"https:\/\/attraktivaljungby.hemsida.eu\/#website"},"datePublished":"2025-08-21T09:27:54+00:00","dateModified":"2025-10-24T09:19:37+00:00","breadcrumb":{"@id":"https:\/\/attraktivaljungby.hemsida.eu\/?page_id=137#breadcrumb"},"inLanguage":"sv-SE","potentialAction":[{"@type":"ReadAction","target":["https:\/\/attraktivaljungby.hemsida.eu\/?page_id=137"]}]},{"@type":"BreadcrumbList","@id":"https:\/\/attraktivaljungby.hemsida.eu\/?page_id=137#breadcrumb","itemListElement":[{"@type":"ListItem","position":1,"name":"Hem","item":"https:\/\/attraktivaljungby.hemsida.eu\/"},{"@type":"ListItem","position":2,"name":"Branscher"}]},{"@type":"WebSite","@id":"https:\/\/attraktivaljungby.hemsida.eu\/#website","url":"https:\/\/attraktivaljungby.hemsida.eu\/","name":"Attraktiva Ljungby","description":"","publisher":{"@id":"https:\/\/attraktivaljungby.hemsida.eu\/#organization"},"potentialAction":[{"@type":"SearchAction","target":{"@type":"EntryPoint","urlTemplate":"https:\/\/attraktivaljungby.hemsida.eu\/?s={search_term_string}"},"query-input":{"@type":"PropertyValueSpecification","valueRequired":true,"valueName":"search_term_string"}}],"inLanguage":"sv-SE"},{"@type":"Organization","@id":"https:\/\/attraktivaljungby.hemsida.eu\/#organization","name":"Attraktiva Ljungby","url":"https:\/\/attraktivaljungby.hemsida.eu\/","logo":{"@type":"ImageObject","inLanguage":"sv-SE","@id":"https:\/\/attraktivaljungby.hemsida.eu\/#\/schema\/logo\/image\/","url":"https:\/\/attraktivaljungby.hemsida.eu\/wp-content\/uploads\/2025\/08\/LjungbyPVM-LogoPayoff-RGB-Svart.png","contentUrl":"https:\/\/attraktivaljungby.hemsida.eu\/wp-content\/uploads\/2025\/08\/LjungbyPVM-LogoPayoff-RGB-Svart.png","width":452,"height":281,"caption":"Attraktiva Ljungby"},"image":{"@id":"https:\/\/attraktivaljungby.hemsida.eu\/#\/schema\/logo\/image\/"}}]}},"_links":{"self":[{"href":"https:\/\/attraktivaljungby.hemsida.eu\/index.php?rest_route=\/wp\/v2\/pages\/137","targetHints":{"allow":["GET"]}}],"collection":[{"href":"https:\/\/attraktivaljungby.hemsida.eu\/index.php?rest_route=\/wp\/v2\/pages"}],"about":[{"href":"https:\/\/attraktivaljungby.hemsida.eu\/index.php?rest_route=\/wp\/v2\/types\/page"}],"author":[{"embeddable":true,"href":"https:\/\/attraktivaljungby.hemsida.eu\/index.php?rest_route=\/wp\/v2\/users\/1"}],"replies":[{"embeddable":true,"href":"https:\/\/attraktivaljungby.hemsida.eu\/index.php?rest_route=%2Fwp%2Fv2%2Fcomments&post=137"}],"version-history":[{"count":195,"href":"https:\/\/attraktivaljungby.hemsida.eu\/index.php?rest_route=\/wp\/v2\/pages\/137\/revisions"}],"predecessor-version":[{"id":634,"href":"https:\/\/attraktivaljungby.hemsida.eu\/index.php?rest_route=\/wp\/v2\/pages\/137\/revisions\/634"}],"wp:attachment":[{"href":"https:\/\/attraktivaljungby.hemsida.eu\/index.php?rest_route=%2Fwp%2Fv2%2Fmedia&parent=137"}],"curies":[{"name":"wp","href":"https:\/\/api.w.org\/{rel}","templated":true}]}}